{"id":1674,"date":"2017-05-05T10:50:45","date_gmt":"2017-05-05T10:50:45","guid":{"rendered":"http:\/\/export-1.test-tangibledesign.net\/?page_id=1674"},"modified":"2025-01-13T20:17:27","modified_gmt":"2025-01-13T19:17:27","slug":"kapcsolat","status":"publish","type":"page","link":"https:\/\/pontott.com\/ingatlan\/kapcsolat\/","title":{"rendered":"Kapcsolat"},"content":{"rendered":"<div class=\"wpb-content-wrapper\">[vc_row full_width=&#8221;stretch_row&#8221; equal_height=&#8221;yes&#8221; css=&#8221;.vc_custom_1494337711020{margin-bottom: 48px !important;}&#8221;][vc_column width=&#8221;1\/3&#8243; css=&#8221;.vc_custom_1695150575207{padding-right: 24px !important;}&#8221;]<div class=\"mh-heading-wrapper--left \">\r\n\t\r\n        <div class=\"mh-heading-wrapper\">\r\n            <h2            class=\"mh-heading  mh-heading--bottom-separator   \"\r\n            style=\"font-weight:700;\">\r\n\t\t\t\u00cdrjon nek\u00fcnk        <\/h2>\r\n\r\n\t\t    <\/div>\r\n\r\n\t<\/div><p class=\"wpcf7-contact-form-not-found\"><strong>Hiba:<\/strong> Kapcsolatfelv\u00e9teli \u0171rlap nem tal\u00e1lhat\u00f3.<\/p>[\/vc_column][vc_column width=&#8221;1\/3&#8243; css=&#8221;.vc_custom_1494336828259{padding-right: 24px !important;padding-left: 24px !important;background-color: #f4f4f4 !important;}&#8221;][vc_column_text css=&#8221;&#8221;]Nagyon k\u00f6nny\u0171 el\u00e9rni minket, ne v\u00e1rja meg, am\u00edg kapcsolatba l\u00e9p vel\u00fcnk. Mert \u00e9lvezz\u00fck ezt a munk\u00e1t.<\/p>\n<p><strong>Email:<\/strong> segitseg@pontott.com\/ingatlan<br \/>\n<strong>Phone:<\/strong> (+36) 20 450 6 34<br \/>\n<strong>Address:<\/strong> Tanya 971 Domszek &#8211; 6781[\/vc_column_text][\/vc_column][vc_column width=&#8221;1\/3&#8243; css=&#8221;.vc_custom_1494336835635{padding-right: 24px !important;padding-left: 24px !important;background-color: #f4f4f4 !important;}&#8221;][vc_column_text]H\u00e9tf\u0151t\u0151l p\u00e9ntekig: 9-17 \u00f3r\u00e1ig.<br \/>\nszombat\/vas\u00e1rnap: z\u00e1rva[\/vc_column_text][\/vc_column][\/vc_row]\n<\/div>","protected":false},"excerpt":{"rendered":"<p>[vc_row full_width=&#8221;stretch_row&#8221; equal_height=&#8221;yes&#8221; css=&#8221;.vc_custom_1494337711020{margin-bottom: 48px !important;}&#8221;][vc_column width=&#8221;1\/3&#8243; css=&#8221;.vc_custom_1695150575207{padding-right: 24px !important;}&#8221;][\/vc_column][vc_column width=&#8221;1\/3&#8243; css=&#8221;.vc_custom_1494336828259{padding-right: 24px !important;padding-left: 24px !important;background-color: #f4f4f4 !important;}&#8221;][vc_column_text css=&#8221;&#8221;]Nagyon k\u00f6nny\u0171 el\u00e9rni minket, ne v\u00e1rja meg, am\u00edg kapcsolatba l\u00e9p vel\u00fcnk. Mert \u00e9lvezz\u00fck ezt a munk\u00e1t. Email: segitseg@pontott.com\/ingatlan Phone: (+36) 20 450 6 34 Address: Tanya 971 Domszek &#8211; 6781[\/vc_column_text][\/vc_column][vc_column width=&#8221;1\/3&#8243; css=&#8221;.vc_custom_1494336835635{padding-right: 24px !important;padding-left: 24px !important;background-color: #f4f4f4 [&hellip;]<\/p>\n","protected":false},"author":13,"featured_media":0,"parent":0,"menu_order":0,"comment_status":"closed","ping_status":"closed","template":"page_full-width-with-top-title.php","meta":{"footnotes":""},"class_list":["post-1674","page","type-page","status-publish","hentry"],"acf":[],"_links":{"self":[{"href":"https:\/\/pontott.com\/ingatlan\/wp-json\/wp\/v2\/pages\/1674","targetHints":{"allow":["GET"]}}],"collection":[{"href":"https:\/\/pontott.com\/ingatlan\/wp-json\/wp\/v2\/pages"}],"about":[{"href":"https:\/\/pontott.com\/ingatlan\/wp-json\/wp\/v2\/types\/page"}],"author":[{"embeddable":true,"href":"https:\/\/pontott.com\/ingatlan\/wp-json\/wp\/v2\/users\/13"}],"replies":[{"embeddable":true,"href":"https:\/\/pontott.com\/ingatlan\/wp-json\/wp\/v2\/comments?post=1674"}],"version-history":[{"count":8,"href":"https:\/\/pontott.com\/ingatlan\/wp-json\/wp\/v2\/pages\/1674\/revisions"}],"predecessor-version":[{"id":23983,"href":"https:\/\/pontott.com\/ingatlan\/wp-json\/wp\/v2\/pages\/1674\/revisions\/23983"}],"wp:attachment":[{"href":"https:\/\/pontott.com\/ingatlan\/wp-json\/wp\/v2\/media?parent=1674"}],"curies":[{"name":"wp","href":"https:\/\/api.w.org\/{rel}","templated":true}]}}