{"id":1721,"date":"2017-05-07T17:07:21","date_gmt":"2017-05-07T17:07:21","guid":{"rendered":"http:\/\/export-1.test-tangibledesign.net\/?page_id=1721"},"modified":"2023-11-08T18:39:21","modified_gmt":"2023-11-08T17:39:21","slug":"blog","status":"publish","type":"page","link":"https:\/\/pontott.com\/ingatlan\/blog\/","title":{"rendered":"Blog"},"content":{"rendered":"<div class=\"wpb-content-wrapper\">[vc_row][vc_column]\t<div class=\"owl-carousel owl-carousel--visible-4 owl-carousel--no-dots\">\r\n\t\t\t\t\t<article\r\n\t\t\t\tclass=\"mh-post-grid mh-post-grid--img-absolute mh-post-grid--dark post-21924 post type-post status-publish format-standard has-post-thumbnail hentry category-oldal-innovaciok\">\r\n\t\t\t\t<a href=\"https:\/\/pontott.com\/ingatlan\/segitunk\/\"\r\n\t\t\t\t   title=\"Seg\u00edt\u00fcnk a regisztr\u00e1ci\u00f3ban\"\r\n\t\t\t\t   class=\"mh-post-grid__thumbnail\">\r\n\t\t\t\t\t\t\t\t\t\t\t<div class=\"mh-thumbnail__inner \">\r\n\t\t\t\t\t\t\t\t\t<img\r\n\t\t\t\t\t\t\tdata-srcset=\"https:\/\/pontott.com\/ingatlan\/wp-content\/uploads\/sites\/6\/2023\/11\/14-120x75.jpg 120w, https:\/\/pontott.com\/ingatlan\/wp-content\/uploads\/sites\/6\/2023\/11\/14-848x530.jpg 848w, https:\/\/pontott.com\/ingatlan\/wp-content\/uploads\/sites\/6\/2023\/11\/14-600x375.jpg 600w, https:\/\/pontott.com\/ingatlan\/wp-content\/uploads\/sites\/6\/2023\/11\/14-400x250.jpg 400w, https:\/\/pontott.com\/ingatlan\/wp-content\/uploads\/sites\/6\/2023\/11\/14-224x140.jpg 224w\"\r\n\t\t\t\tclass=\"lazyload \"\r\n\t\t\t\tdata-sizes=\"auto\"\r\n\t\t\t\t\t\talt=\"Seg\u00edt\u00fcnk a regisztr\u00e1ci\u00f3ban\"\r\n\t\t>\r\n\t\t\t\t\t\t\t\t<\/div>\r\n\t\t\t\t\t\t<span class=\"mh-caption\">\r\n\t\t\t\t\t\t\t\t<span class=\"mh-caption__inner\">2023-11-18<\/span>\r\n\t\t\t\t\t\t\t<\/span>\r\n\t\t\t\t\t\t\t\t\t<\/a>\r\n\t\t\t\t<div class=\"mh-post-grid__inner\">\r\n\t\t\t\t\t<h3 class=\"mh-post-grid__heading\">\r\n\t\t\t\t\t\t<a href=\"https:\/\/pontott.com\/ingatlan\/segitunk\/\" title=\"Seg\u00edt\u00fcnk a regisztr\u00e1ci\u00f3ban\">\r\n\t\t\t\t\t\t\tSeg\u00edt\u00fcnk a regisztr\u00e1ci\u00f3ban\t\t\t\t\t\t<\/a>\r\n\t\t\t\t\t<\/h3>\r\n\t\t\t\t\t<div class=\"mh-post-grid__excerpt\">\r\n\t\t\t\t\t\t[vc_row][vc_column][vc_gallery type=&#8221;flexslider_slide&#8221; interval=&#8221;5&#8243; images=&#8221;21930,21931,21932,21933,21934,21935,21936,21937,21938,21939,21940,21941,21942,21943&#8243; img_size=&#8221;full&#8221; title=&#8221;A regisztr\u00e1ci\u00f3s \u00e9s kezel\u00e9si folyamatokat f\u00e9nyk\u00e9pekkel mutatjuk be a k\u00e9pgal\u00e9ri\u00e1ban.&#8221;][\/vc_column][\/vc_row]\t\t\t\t\t<\/div>\r\n\t\t\t\t\t<div class=\"mh-post-grid__btn-wrapper\">\r\n\t\t\t\t\t\t<a href=\"https:\/\/pontott.com\/ingatlan\/segitunk\/\" title=\"Seg\u00edt\u00fcnk a regisztr\u00e1ci\u00f3ban\"\r\n\t\t\t\t\t\t   class=\"mdl-button mdl-js-button mdl-button--raised mdl-button--primary-ghost\">\r\n\t\t\t\t\t\t\tOlvass tov\u00e1bb\t\t\t\t\t\t<\/a>\r\n\t\t\t\t\t<\/div>\r\n\t\t\t\t<\/div>\r\n\t\t\t<\/article>\r\n\t\t\t\t\t<article\r\n\t\t\t\tclass=\"mh-post-grid mh-post-grid--img-absolute mh-post-grid--dark post-21851 post type-post status-publish format-standard has-post-thumbnail hentry category-home-design category-oldal-innovaciok tag-ingatlan-lakas tag-kulfoldi-lakasvasarlok tag-kulfoldiek tag-kulfoldiek-ingatlanvasarlasa tag-lakaspiac tag-lakasvasarlas tag-nemetorszag\">\r\n\t\t\t\t<a href=\"https:\/\/pontott.com\/ingatlan\/milyen-lehetosegek-kinalkoznak\/\"\r\n\t\t\t\t   title=\"Milyen lehet\u0151s\u00e9gek k\u00edn\u00e1lkoznak?\"\r\n\t\t\t\t   class=\"mh-post-grid__thumbnail\">\r\n\t\t\t\t\t\t\t\t\t\t\t<div class=\"mh-thumbnail__inner \">\r\n\t\t\t\t\t\t\t\t\t<img\r\n\t\t\t\t\t\t\tdata-srcset=\"https:\/\/pontott.com\/ingatlan\/wp-content\/uploads\/sites\/6\/2018\/07\/home-roof-120x75.jpg 120w, https:\/\/pontott.com\/ingatlan\/wp-content\/uploads\/sites\/6\/2018\/07\/home-roof-848x530.jpg 848w, https:\/\/pontott.com\/ingatlan\/wp-content\/uploads\/sites\/6\/2018\/07\/home-roof-600x375.jpg 600w, https:\/\/pontott.com\/ingatlan\/wp-content\/uploads\/sites\/6\/2018\/07\/home-roof-400x250.jpg 400w, https:\/\/pontott.com\/ingatlan\/wp-content\/uploads\/sites\/6\/2018\/07\/home-roof-224x140.jpg 224w\"\r\n\t\t\t\tclass=\"lazyload \"\r\n\t\t\t\tdata-sizes=\"auto\"\r\n\t\t\t\t\t\talt=\"Milyen lehet\u0151s\u00e9gek k\u00edn\u00e1lkoznak?\"\r\n\t\t>\r\n\t\t\t\t\t\t\t\t<\/div>\r\n\t\t\t\t\t\t<span class=\"mh-caption\">\r\n\t\t\t\t\t\t\t\t<span class=\"mh-caption__inner\">2023-10-31<\/span>\r\n\t\t\t\t\t\t\t<\/span>\r\n\t\t\t\t\t\t\t\t\t<\/a>\r\n\t\t\t\t<div class=\"mh-post-grid__inner\">\r\n\t\t\t\t\t<h3 class=\"mh-post-grid__heading\">\r\n\t\t\t\t\t\t<a href=\"https:\/\/pontott.com\/ingatlan\/milyen-lehetosegek-kinalkoznak\/\" title=\"Milyen lehet\u0151s\u00e9gek k\u00edn\u00e1lkoznak?\">\r\n\t\t\t\t\t\t\tMilyen lehet\u0151s\u00e9gek k\u00edn\u00e1lkoznak?\t\t\t\t\t\t<\/a>\r\n\t\t\t\t\t<\/h3>\r\n\t\t\t\t\t<div class=\"mh-post-grid__excerpt\">\r\n\t\t\t\t\t\tB\u00e1rmilyen le\u00edr\u00e1st \u00edrhat, amit akar. (Am\u00edg nincsenek linkek, m\u00e1rk\u00e1k vagy szleng kifejez\u00e9sek.)Annyi f\u00e9nyk\u00e9pet t\u00f6lthet fel, amennyit csak akar. Felt\u00f6ltheti h\u00e1za terveit. Rendszer\u00fcnk t\u00e1mogatja a Virtu\u00e1lis t\u00fara funkci\u00f3t. Ha helyesen jel\u00f6li meg hely\u00e9t a Google T\u00e9rk\u00e9pen,...\t\t\t\t\t<\/div>\r\n\t\t\t\t\t<div class=\"mh-post-grid__btn-wrapper\">\r\n\t\t\t\t\t\t<a href=\"https:\/\/pontott.com\/ingatlan\/milyen-lehetosegek-kinalkoznak\/\" title=\"Milyen lehet\u0151s\u00e9gek k\u00edn\u00e1lkoznak?\"\r\n\t\t\t\t\t\t   class=\"mdl-button mdl-js-button mdl-button--raised mdl-button--primary-ghost\">\r\n\t\t\t\t\t\t\tOlvass tov\u00e1bb\t\t\t\t\t\t<\/a>\r\n\t\t\t\t\t<\/div>\r\n\t\t\t\t<\/div>\r\n\t\t\t<\/article>\r\n\t\t\t\t\t<article\r\n\t\t\t\tclass=\"mh-post-grid mh-post-grid--img-absolute mh-post-grid--dark post-21842 post type-post status-publish format-standard has-post-thumbnail hentry category-home-design category-oldal-innovaciok tag-elado-es-kiado-ingatlanok tag-elado-hazak tag-elado-lakasok tag-ingatlan-lakas tag-ingyenes-hirdetesfeladas tag-ingyenes-ingatlanhirdetes tag-kiado-hazak tag-kiado-lakasok tag-kulfoldi-lakasvasarlok tag-kulfoldiek tag-kulfoldiek-ingatlanvasarlasa tag-lakaspiac tag-lakasvasarlas tag-nemetorszag\">\r\n\t\t\t\t<a href=\"https:\/\/pontott.com\/ingatlan\/kedves-ingatlanhirdeto\/\"\r\n\t\t\t\t   title=\"Kedves ingatlanhirdet\u0151!\"\r\n\t\t\t\t   class=\"mh-post-grid__thumbnail\">\r\n\t\t\t\t\t\t\t\t\t\t\t<div class=\"mh-thumbnail__inner \">\r\n\t\t\t\t\t\t\t\t\t<img\r\n\t\t\t\t\t\t\tdata-srcset=\"https:\/\/pontott.com\/ingatlan\/wp-content\/uploads\/sites\/6\/2023\/10\/Ingatlaniroda-1-120x75.jpg 120w, https:\/\/pontott.com\/ingatlan\/wp-content\/uploads\/sites\/6\/2023\/10\/Ingatlaniroda-1-848x530.jpg 848w, https:\/\/pontott.com\/ingatlan\/wp-content\/uploads\/sites\/6\/2023\/10\/Ingatlaniroda-1-600x375.jpg 600w, https:\/\/pontott.com\/ingatlan\/wp-content\/uploads\/sites\/6\/2023\/10\/Ingatlaniroda-1-400x250.jpg 400w, https:\/\/pontott.com\/ingatlan\/wp-content\/uploads\/sites\/6\/2023\/10\/Ingatlaniroda-1-224x140.jpg 224w\"\r\n\t\t\t\tclass=\"lazyload \"\r\n\t\t\t\tdata-sizes=\"auto\"\r\n\t\t\t\t\t\talt=\"Kedves ingatlanhirdet\u0151!\"\r\n\t\t>\r\n\t\t\t\t\t\t\t\t<\/div>\r\n\t\t\t\t\t\t<span class=\"mh-caption\">\r\n\t\t\t\t\t\t\t\t<span class=\"mh-caption__inner\">2023-10-31<\/span>\r\n\t\t\t\t\t\t\t<\/span>\r\n\t\t\t\t\t\t\t\t\t<\/a>\r\n\t\t\t\t<div class=\"mh-post-grid__inner\">\r\n\t\t\t\t\t<h3 class=\"mh-post-grid__heading\">\r\n\t\t\t\t\t\t<a href=\"https:\/\/pontott.com\/ingatlan\/kedves-ingatlanhirdeto\/\" title=\"Kedves ingatlanhirdet\u0151!\">\r\n\t\t\t\t\t\t\tKedves ingatlanhirdet\u0151!\t\t\t\t\t\t<\/a>\r\n\t\t\t\t\t<\/h3>\r\n\t\t\t\t\t<div class=\"mh-post-grid__excerpt\">\r\n\t\t\t\t\t\t\u00dajonnan alap\u00edtott oldalunk teljesen ingyenesen haszn\u00e1lhat\u00f3. Minden funkci\u00f3t ingyenes. Az oldal \u00faj technol\u00f3giai jellemz\u0151kkel ell\u00e1tott szolg\u00e1ltat\u00e1sokat ny\u00fajt.\t\t\t\t\t<\/div>\r\n\t\t\t\t\t<div class=\"mh-post-grid__btn-wrapper\">\r\n\t\t\t\t\t\t<a href=\"https:\/\/pontott.com\/ingatlan\/kedves-ingatlanhirdeto\/\" title=\"Kedves ingatlanhirdet\u0151!\"\r\n\t\t\t\t\t\t   class=\"mdl-button mdl-js-button mdl-button--raised mdl-button--primary-ghost\">\r\n\t\t\t\t\t\t\tOlvass tov\u00e1bb\t\t\t\t\t\t<\/a>\r\n\t\t\t\t\t<\/div>\r\n\t\t\t\t<\/div>\r\n\t\t\t<\/article>\r\n\t\t\t<\/div>\r\n[\/vc_column][\/vc_row]\n<\/div>","protected":false},"excerpt":{"rendered":"<p>[vc_row][vc_column][\/vc_column][\/vc_row]<\/p>\n","protected":false},"author":13,"featured_media":0,"parent":0,"menu_order":0,"comment_status":"closed","ping_status":"closed","template":"","meta":{"footnotes":""},"class_list":["post-1721","page","type-page","status-publish","hentry"],"acf":[],"_links":{"self":[{"href":"https:\/\/pontott.com\/ingatlan\/wp-json\/wp\/v2\/pages\/1721","targetHints":{"allow":["GET"]}}],"collection":[{"href":"https:\/\/pontott.com\/ingatlan\/wp-json\/wp\/v2\/pages"}],"about":[{"href":"https:\/\/pontott.com\/ingatlan\/wp-json\/wp\/v2\/types\/page"}],"author":[{"embeddable":true,"href":"https:\/\/pontott.com\/ingatlan\/wp-json\/wp\/v2\/users\/13"}],"replies":[{"embeddable":true,"href":"https:\/\/pontott.com\/ingatlan\/wp-json\/wp\/v2\/comments?post=1721"}],"version-history":[{"count":2,"href":"https:\/\/pontott.com\/ingatlan\/wp-json\/wp\/v2\/pages\/1721\/revisions"}],"predecessor-version":[{"id":21885,"href":"https:\/\/pontott.com\/ingatlan\/wp-json\/wp\/v2\/pages\/1721\/revisions\/21885"}],"wp:attachment":[{"href":"https:\/\/pontott.com\/ingatlan\/wp-json\/wp\/v2\/media?parent=1721"}],"curies":[{"name":"wp","href":"https:\/\/api.w.org\/{rel}","templated":true}]}}