{"id":23974,"date":"2025-01-13T20:05:02","date_gmt":"2025-01-13T19:05:02","guid":{"rendered":"https:\/\/pontott.com\/ingatlan\/?page_id=23974"},"modified":"2025-01-13T20:05:02","modified_gmt":"2025-01-13T19:05:02","slug":"privacy-policy","status":"publish","type":"page","link":"https:\/\/pontott.com\/ingatlan\/privacy-policy\/","title":{"rendered":"ADATV\u00c9DELMI IR\u00c1NYELVEK"},"content":{"rendered":"<h2 class=\"wp-block-heading\">Bevezet\u00e9s az adatv\u00e9delmi ir\u00e1nyelvek vil\u00e1g\u00e1ba<\/h2>\n\n<p>Az adatv\u00e9delmi ir\u00e1nyelvek k\u00f6zponti szerepet j\u00e1tszanak az online vil\u00e1gban, k\u00fcl\u00f6n\u00f6sen a pontott.com\/ingatlan platform eset\u00e9ben. A felhaszn\u00e1l\u00f3i adatok v\u00e9delme nem csup\u00e1n jogi k\u00f6vetelm\u00e9ny, hanem etikai k\u00f6telezetts\u00e9g is, amely a bizalom megteremt\u00e9s\u00e9hez \u00e9s fenntart\u00e1s\u00e1hoz sz\u00fcks\u00e9ges. Az adatv\u00e9delmi jogszab\u00e1lyok c\u00e9lja, hogy v\u00e9dj\u00e9k a felhaszn\u00e1l\u00f3k szem\u00e9lyes adatait a vissza\u00e9l\u00e9sekt\u0151l, \u00e9s biztos\u00edts\u00e1k, hogy azok min\u00e9l nagyobb biztons\u00e1gban legyenek. Ezen ir\u00e1nyelvek k\u00f6vet\u00e9se elengedhetetlen ahhoz, hogy a felhaszn\u00e1l\u00f3k jogai tiszteletben legyenek tartva.<\/p>\n\n<p>A pontott.com\/ingatlan adatv\u00e9delmi ir\u00e1nyelvei r\u00e9szletes inform\u00e1ci\u00f3kat ny\u00fajtanak arr\u00f3l, hogy milyen adatokat gy\u0171jtenek, hogyan haszn\u00e1lj\u00e1k fel azokat, \u00e9s mik\u00e9nt v\u00e9denek a potenci\u00e1lis vesz\u00e9lyek ellen. Az adatkezel\u00e9s \u00e1tl\u00e1that\u00f3s\u00e1ga seg\u00edt a felhaszn\u00e1l\u00f3knak meg\u00e9rteni, hogy milyen jogok illetik meg \u0151ket, bele\u00e9rtve az adatokhoz val\u00f3 hozz\u00e1f\u00e9r\u00e9st, a m\u00f3dos\u00edt\u00e1st \u00e9s a t\u00f6rl\u00e9s jog\u00e1t. A pontos szab\u00e1lyoz\u00e1s nemcsak jogi v\u00e9delmet ny\u00fajt, hanem hozz\u00e1j\u00e1rul a felhaszn\u00e1l\u00f3i \u00e9lm\u00e9ny jav\u00edt\u00e1s\u00e1hoz is.<\/p>\n\n<p>Az adatv\u00e9delmi ir\u00e1nyelvek ismerete teh\u00e1t alapvet\u0151 fontoss\u00e1g\u00fa a digit\u00e1lis t\u00e9rben val\u00f3 boldogul\u00e1s szempontj\u00e1b\u00f3l. Az emberek sokas\u00e1ga haszn\u00e1lja a digit\u00e1lis szolg\u00e1ltat\u00e1sokat, \u00edgy elengedhetetlen, hogy tiszt\u00e1ban legyenek jogaikkal \u00e9s felel\u0151ss\u00e9geikkel. A pontott.com\/ingatlan eset\u00e9ben a felhaszn\u00e1l\u00f3knak lehet\u0151s\u00e9g\u00fck van arra, hogy tudatos d\u00f6nt\u00e9seket hozzanak szem\u00e9lyes adataik kezel\u00e9s\u00e9vel kapcsolatban, ez\u00e1ltal er\u0151s\u00edtve saj\u00e1t v\u00e9delm\u00fcket a digit\u00e1lis vil\u00e1gban.<\/p>\n\n<h2 class=\"wp-block-heading\">Mik azok a szem\u00e9lyes adatok?<\/h2>\n\n<p>A szem\u00e9lyes adatok olyan inform\u00e1ci\u00f3k, amelyek egy adott szem\u00e9lyt azonos\u00edtani k\u00e9pesek. Ezek k\u00f6z\u00e9 tartozik minden olyan adat, amely k\u00f6zvetlen\u00fcl vagy k\u00f6zvetve kapcsolatba hozhat\u00f3 egy konkr\u00e9t egy\u00e9nnel. A pontott.com\/ingatlan platformj\u00e1n a felhaszn\u00e1l\u00f3i \u00e9lm\u00e9ny jav\u00edt\u00e1sa \u00e9rdek\u00e9ben k\u00fcl\u00f6nb\u00f6z\u0151 t\u00edpus\u00fa szem\u00e9lyes adatokat gy\u0171jt\u00fcnk \u00e9s kezel\u00fcnk. A szem\u00e9lyes adatok k\u00f6z\u00e9 tartozik p\u00e9ld\u00e1ul a n\u00e9v, c\u00edm, e-mail c\u00edm, telefonsz\u00e1m, sz\u00fclet\u00e9si d\u00e1tum, valamint az FTP \u00e9s IP c\u00edmek, amelyek technikai adatok form\u00e1j\u00e1ban \u00e9rkeznek. Ezek az inform\u00e1ci\u00f3k lehet\u0151v\u00e9 teszik sz\u00e1munkra, hogy a felhaszn\u00e1l\u00f3kkal val\u00f3 kapcsolattart\u00e1s hat\u00e9konyabb\u00e1 v\u00e1ljon.<\/p>\n\n<p>Tov\u00e1bb\u00e1 a felhaszn\u00e1l\u00f3k \u00f6nk\u00e9nt is megoszthatnak k\u00fcl\u00f6nb\u00f6z\u0151 adatokat magukr\u00f3l, p\u00e9ld\u00e1ul preferenci\u00e1ikat, \u00e9rdekl\u0151d\u00e9si k\u00f6reiket vagy ak\u00e1r t\u00e1rsadalmi m\u00e9dia profiljaik linkjeit. Ezek a k\u00f6zvetlen k\u00f6zlem\u00e9nyek seg\u00edtenek abban, hogy a pontott.com\/ingatlan testre szabott aj\u00e1nlatokat \u00e9s tartalmakat biztos\u00edtson, \u00edgy a felhaszn\u00e1l\u00f3i \u00e9lm\u00e9ny m\u00e9g szem\u00e9lyre szabottabb\u00e1 v\u00e1lik. Fontos megeml\u00edteni, hogy a felhaszn\u00e1l\u00f3knak lehet\u0151s\u00e9g\u00fck van megadni, hogy milyen szint\u0171 adatmegoszt\u00e1st prefer\u00e1lnak, ami tov\u00e1bb hozz\u00e1j\u00e1rul a transzparens adatkezel\u00e9shez.<\/p>\n\n<p>Ezen k\u00edv\u00fcl bizonyos adatok automatikusan is gy\u0171jthet\u0151k, amikor a felhaszn\u00e1l\u00f3k l\u00e1togatj\u00e1k a pontott.com\/ingatlan weboldalt. Ilyenek p\u00e9ld\u00e1ul a kattint\u00e1si mint\u00e1k, az oldalmegjelen\u00edt\u00e9sek, valamint az eszk\u00f6z\u00f6k \u00e9s b\u00f6ng\u00e9sz\u0151k jellemz\u0151i. Ezen adatok \u00f6sszegy\u0171jt\u00e9se seg\u00edt nek\u00fcnk abban, hogy jobban meg\u00e9rts\u00fck felhaszn\u00e1l\u00f3ink viselked\u00e9s\u00e9t \u00e9s fejleszthess\u00fck a szolg\u00e1ltat\u00e1sainkat. \u00d6sszess\u00e9g\u00e9ben teh\u00e1t a szem\u00e9lyes adatok sz\u00e9les spektrumot \u00f6lelnek fel, \u00e9s a megfelel\u0151 kezel\u00e9s\u00fck kulcsfontoss\u00e1g\u00fa a felhaszn\u00e1l\u00f3i bizalom meg\u0151rz\u00e9s\u00e9hez. <\/p>\n\n<h2 class=\"wp-block-heading\">Hogyan gy\u0171jti a pontott.com\/ingatlan a szem\u00e9lyes adatokat?<\/h2>\n\n<p>A pontott.com\/ingatlan adatgy\u0171jt\u00e9si folyamata t\u00f6bb k\u00fcl\u00f6nb\u00f6z\u0151 m\u00f3don t\u00f6rt\u00e9nik, amely lehet\u0151v\u00e9 teszi a weboldal sz\u00e1m\u00e1ra, hogy relev\u00e1ns \u00e9s testre szabott \u00e9lm\u00e9nyt ny\u00fajtson a felhaszn\u00e1l\u00f3knak. Az adatgy\u0171jt\u00e9s els\u0151dleges forr\u00e1sa a weboldal l\u00e1togat\u00e1sa, ahol a felhaszn\u00e1l\u00f3k b\u00f6ng\u00e9sz\u00e9si szok\u00e1sait \u00e9s interakci\u00f3it k\u00f6vetik nyomon. A l\u00e1togat\u00f3k \u00e1ltal elhagytak inform\u00e1ci\u00f3k, p\u00e9ld\u00e1ul IP-c\u00edmek, b\u00f6ng\u00e9sz\u0151 t\u00edpusa \u00e9s a megl\u00e1togatott oldalak, r\u00e9szletes betekint\u00e9st ny\u00fajtanak a felhaszn\u00e1l\u00f3i preferenci\u00e1kba.<\/p>\n\n<p>Regisztr\u00e1ci\u00f3 sor\u00e1n a pontott.com\/ingatlan kifejezetten k\u00e9rheti a felhaszn\u00e1l\u00f3kt\u00f3l a szem\u00e9lyes adatok megad\u00e1s\u00e1t, mint p\u00e9ld\u00e1ul a n\u00e9v, e-mail c\u00edm \u00e9s egy\u00e9b kapcsolati inform\u00e1ci\u00f3k. Ezek az adatok nemcsak a felhaszn\u00e1l\u00f3i fi\u00f3kok l\u00e9trehoz\u00e1s\u00e1hoz sz\u00fcks\u00e9gesek, hanem arra is szolg\u00e1lnak, hogy a pontott.com\/ingatlan \u00e9rt\u00e9kes\u00edt\u00e9shez vagy szolg\u00e1ltat\u00e1sokhoz kapcsol\u00f3d\u00f3 inform\u00e1ci\u00f3kat k\u00fcldj\u00f6n a felhaszn\u00e1l\u00f3knak. Ezen k\u00edv\u00fcl a felhaszn\u00e1l\u00f3i ny\u00fajtotta adatok vizsg\u00e1lata lehet\u0151v\u00e9 teszi a weboldal sz\u00e1m\u00e1ra a felhaszn\u00e1l\u00f3i \u00e9lm\u00e9ny folyamatos optimaliz\u00e1l\u00e1s\u00e1t.<\/p>\n\n<p>A h\u00edrlev\u00e9lre val\u00f3 feliratkoz\u00e1s szint\u00e9n egy fontos m\u00f3dja a szem\u00e9lyes adatok gy\u0171jt\u00e9s\u00e9nek. A jelentkez\u0151k rendszerint beleegyeznek abba, hogy a pontott.com\/ingatlan marketing c\u00e9lokra haszn\u00e1lja fel a megadott adatokat. Az e-mailek elemz\u00e9s\u00e9vel az adatok seg\u00edtenek a tartalom \u00e9s a hirdet\u00e9sek testreszab\u00e1s\u00e1ban, ez\u00e1ltal n\u00f6velve a felhaszn\u00e1l\u00f3i elk\u00f6telezetts\u00e9get. Tov\u00e1bb\u00e1, a pontott.com\/ingatlan \u00e1ltal haszn\u00e1lt cookie-k \u00e9s m\u00e1s nyomk\u00f6vet\u0151 technol\u00f3gi\u00e1k r\u00e9v\u00e9n tov\u00e1bbi inform\u00e1ci\u00f3t gy\u0171jthet a felhaszn\u00e1l\u00f3i interakci\u00f3kr\u00f3l, amelyeket a szem\u00e9lyre szabott aj\u00e1nlatok k\u00e9sz\u00edt\u00e9s\u00e9re haszn\u00e1lnak.<\/p>\n\n<h2 class=\"wp-block-heading\">Mire haszn\u00e1lja a pontott.com\/ingatlan a begy\u0171jt\u00f6tt adatokat?<\/h2>\n\n<p>A pontott.com\/ingatlan k\u00fcl\u00f6nb\u00f6z\u0151 c\u00e9lokra haszn\u00e1lja a felhaszn\u00e1l\u00f3k \u00e1ltal megadott szem\u00e9lyes adatokat, amelyek k\u00f6z\u00f6tt szerepelnek marketingtev\u00e9kenys\u00e9gek, statisztikai elemz\u00e9sek, valamint a felhaszn\u00e1l\u00f3i \u00e9lm\u00e9ny jav\u00edt\u00e1sa. Az adatgy\u0171jt\u00e9s alapvet\u0151en a felhaszn\u00e1l\u00f3i szok\u00e1sok \u00e9s preferenci\u00e1k meg\u00e9rt\u00e9s\u00e9t c\u00e9lozza, ez\u00e1ltal lehet\u0151v\u00e9 t\u00e9ve a testre szabott, relev\u00e1ns tartalmak \u00e9s aj\u00e1nlatok ny\u00fajt\u00e1s\u00e1t. A marketingtev\u00e9kenys\u00e9gek sor\u00e1n a pontott.com\/ingatlan a begy\u0171jt\u00f6tt adatokat arra haszn\u00e1lja, hogy jobban megismerje mi vonzza a felhaszn\u00e1l\u00f3kat, \u00e9s az alapj\u00e1n alak\u00edtsa ki kamp\u00e1nyait.<\/p>\n\n<p>Emellett a statisztikai elemz\u00e9sek is kiemelt szerepet j\u00e1tszanak. A pontott.com\/ingatlan a felhaszn\u00e1l\u00f3i interakci\u00f3k \u00e9s viselked\u00e9sek monitoroz\u00e1sa r\u00e9v\u00e9n k\u00e9pes azonos\u00edtani a trendeket \u00e9s mint\u00e1zatokat, amelyek seg\u00edtenek a platform fejleszt\u00e9s\u00e9ben. A begy\u0171jt\u00f6tt adatok elemz\u00e9se r\u00e9v\u00e9n a v\u00e1llalat pontosabb k\u00e9pet kap a felhaszn\u00e1l\u00f3i b\u00e1zis\u00e1r\u00f3l, \u00e9s ennek megfelel\u0151en tudja optimaliz\u00e1lni szolg\u00e1ltat\u00e1sait.<\/p>\n\n<p>A felhaszn\u00e1l\u00f3i \u00e9lm\u00e9ny jav\u00edt\u00e1sa szint\u00e9n fontos t\u00e9nyez\u0151 a pontott.com\/ingatlan sz\u00e1m\u00e1ra. Az adatok elemz\u00e9se lehet\u0151v\u00e9 teszi a weboldal felhaszn\u00e1l\u00f3i fel\u00fclet\u00e9nek \u00e9s funkcionalit\u00e1s\u00e1nak folyamatos fejleszt\u00e9s\u00e9t, \u00edgy a l\u00e1togat\u00f3k sz\u00e1m\u00e1ra intuit\u00edvabb \u00e9s vonz\u00f3bb \u00e9lm\u00e9nyt biztos\u00edtanak. A felhaszn\u00e1l\u00f3k \u00e1ltal megadott inform\u00e1ci\u00f3k r\u00e9v\u00e9n, a pontott.com\/ingatlan k\u00e9pes olyan aj\u00e1nl\u00e1sokat ny\u00fajtani, amelyek figyelembe veszik a szem\u00e9lyes preferenci\u00e1kat. Ezzel biztos\u00edtva, hogy a l\u00e1togat\u00f3k mindig a sz\u00e1mukra legrelev\u00e1nsabb tartalomra tal\u00e1ljanak r\u00e1.<\/p>\n\n<h2 class=\"wp-block-heading\">Adatmegoszt\u00e1s \u00e9s harmadik felek<\/h2>\n\n<p>A pontott.com\/ingatlan adatv\u00e9delmi ir\u00e1nyelvei vil\u00e1gosan meghat\u00e1rozz\u00e1k az adatmegoszt\u00e1s kereteit, amely sor\u00e1n a felhaszn\u00e1l\u00f3i adatokat harmadik felekkel osztj\u00e1k meg. Az ilyen adatmegoszt\u00e1s \u00e1ltal\u00e1ban akkor t\u00f6rt\u00e9nik, amikor a felhaszn\u00e1l\u00f3k kifejezett hozz\u00e1j\u00e1rul\u00e1sukat adj\u00e1k a szolg\u00e1ltat\u00e1sok ig\u00e9nybev\u00e9tel\u00e9hez, vagy amikor az adatmegoszt\u00e1s jogi k\u00f6telezetts\u00e9gekb\u0151l fakad. Az online platformok gyakran alkalmaznak harmadik feleket a sikeres m\u0171k\u00f6d\u00e9s \u00e9rdek\u00e9ben, bele\u00e9rtve a payment gateway-eket, analitikai szolg\u00e1ltat\u00f3kat \u00e9s \u00fcgyf\u00e9lszolg\u00e1lati rendszereket, hogy jav\u00edts\u00e1k a felhaszn\u00e1l\u00f3i \u00e9lm\u00e9nyt.<\/p>\n\n<p>A pontott.com\/ingatlan gondoskodik arr\u00f3l, hogy a felhaszn\u00e1l\u00f3i adatok v\u00e9delme minden esetben magas priorit\u00e1st \u00e9lvezzen. Amikor adatokat osztanak meg harmadik felekkel, a v\u00e1llalat megbizonyosodik arr\u00f3l, hogy ezeket az adatokat csak a meg\u00e1llapod\u00e1snak megfelel\u0151en \u00e9s a felhaszn\u00e1l\u00f3 \u00e1ltal meghat\u00e1rozott c\u00e9lokra haszn\u00e1lj\u00e1k fel. Ezen k\u00edv\u00fcl a pontott.com\/ingatlan szigor\u00fa biztons\u00e1gi int\u00e9zked\u00e9seket alkalmaz, hogy meg\u00f3vja a felhaszn\u00e1l\u00f3i adatokat a nem k\u00edv\u00e1nt hozz\u00e1f\u00e9r\u00e9st\u0151l vagy vissza\u00e9l\u00e9sekt\u0151l.<\/p>\n\n<p>A harmadik felekkel val\u00f3 egy\u00fcttm\u0171k\u00f6d\u00e9s sor\u00e1n a pontott.com\/ingatlan elk\u00f6telezett amellett, hogy \u00e1tl\u00e1that\u00f3 legyen. A felhaszn\u00e1l\u00f3k r\u00e9szletes inform\u00e1ci\u00f3t kapnak arr\u00f3l, hogy milyen adatokat osztanak meg \u00e9s kikkel, \u00edgy biztos\u00edthatj\u00e1k, hogy tudatos d\u00f6nt\u00e9seket hozzanak arr\u00f3l, hogyan k\u00edv\u00e1nj\u00e1k kezelni az adataikat. Az adatv\u00e9delmi politika rendszeresen friss\u00edtve van, hogy t\u00fckr\u00f6zze a legfrissebb jogi k\u00f6vetelm\u00e9nyeket \u00e9s technol\u00f3giai fejl\u0151d\u00e9seket, amelyek az adatkezel\u00e9st \u00e9rintik. Ezen int\u00e9zked\u00e9sek r\u00e9v\u00e9n a pontott.com\/ingatlan igyekszik bizalmat \u00e9p\u00edteni a felhaszn\u00e1l\u00f3k k\u00f6r\u00e9ben, biztos\u00edtva, hogy minden adatmegoszt\u00e1s a lehet\u0151 legbiztons\u00e1gosabb m\u00f3don t\u00f6rt\u00e9njen.<\/p>\n\n<h2 class=\"wp-block-heading\">A felhaszn\u00e1l\u00f3k jogai<\/h2>\n\n<p>A pontott.com\/ingatlan adatv\u00e9delmi ir\u00e1nyelvei \u00e9rtelm\u00e9ben a felhaszn\u00e1l\u00f3k sz\u00e1m\u00e1ra alapvet\u0151 jogokat biztos\u00edtanak, melyek c\u00e9lja az adatv\u00e9delem \u00e9s a mag\u00e1n\u00e9let v\u00e9delme. Ezek a jogok k\u00f6z\u00e9 tartozik a hozz\u00e1f\u00e9r\u00e9si jog, a helyesb\u00edt\u00e9si jog, az adat t\u00f6rl\u00e9s\u00e9hez val\u00f3 jog \u00e9s a panaszt\u00e9teli jog, amelyek seg\u00edtenek a felhaszn\u00e1l\u00f3knak abban, hogy akt\u00edvan r\u00e9szt vegyenek szem\u00e9lyes adataik kezel\u00e9s\u00e9ben.<\/p>\n\n<p>A hozz\u00e1f\u00e9r\u00e9si jog lehet\u0151v\u00e9 teszi a felhaszn\u00e1l\u00f3k sz\u00e1m\u00e1ra, hogy inform\u00e1ci\u00f3t k\u00e9rjenek arr\u00f3l, hogy a pontott.com\/ingatlan milyen szem\u00e9lyes adatokat kezel. E jog alapj\u00e1n a felhaszn\u00e1l\u00f3k k\u00e9rhetik az adataik m\u00e1solat\u00e1t, valamint inform\u00e1ci\u00f3kat arr\u00f3l, hogy azokat mi\u00e9rt \u00e9s hogyan haszn\u00e1lj\u00e1k fel. Az \u00e1tl\u00e1that\u00f3s\u00e1g \u00e9rdek\u00e9ben a pontott.com\/ingatlan k\u00f6telezetts\u00e9get v\u00e1llal arra, hogy ezeket az inform\u00e1ci\u00f3kat k\u00f6nnyen hozz\u00e1f\u00e9rhet\u0151 form\u00e1ban ny\u00fajtja.<\/p>\n\n<p>A helyesb\u00edt\u00e9si jog \u00e1ltal a felhaszn\u00e1l\u00f3k jav\u00edthatj\u00e1k a pontott.com\/ingatlan \u00e1ltal kezelt szem\u00e9lyes adataik pontatlans\u00e1gait. Amennyiben a felhaszn\u00e1l\u00f3 \u00fagy tal\u00e1lja, hogy az adatai elavultak vagy t\u00e9vesek, jog\u00e1ban \u00e1ll k\u00e9rni azok friss\u00edt\u00e9s\u00e9t. Ez a jog fontos, mivel biztos\u00edtja, hogy a felhaszn\u00e1l\u00f3k adatai mindig pontosan k\u00e9pviselj\u00e9k \u0151ket.<\/p>\n\n<p>Az adat t\u00f6rl\u00e9s\u00e9hez val\u00f3 jog lehet\u0151s\u00e9get biztos\u00edt a felhaszn\u00e1l\u00f3knak arra, hogy ig\u00e9nyelj\u00e9k szem\u00e9lyes adataik t\u00f6rl\u00e9s\u00e9t, ha azokra m\u00e1r nincs sz\u00fcks\u00e9g, vagy ha visszavonj\u00e1k a hozz\u00e1j\u00e1rul\u00e1sukat. V\u00e9g\u00fcl, a panaszt\u00e9teli jog lehet\u0151v\u00e9 teszi a felhaszn\u00e1l\u00f3k sz\u00e1m\u00e1ra, hogy panaszt tegyenek az adatkezel\u00e9si gyakorlatokkal kapcsolatban, amennyiben \u00fagy v\u00e9lik, hogy jogaink s\u00e9r\u00fcltek. Ezek a jogok egy\u00fcttesen seg\u00edtenek a felhaszn\u00e1l\u00f3knak megv\u00e9deni magukat a pontott.com\/ingatlan adatkezel\u00e9se sor\u00e1n. <\/p>\n\n<h2 class=\"wp-block-heading\">Cookie-k \u00e9s azok kezel\u00e9se<\/h2>\n\n<p>A cookie-k olyan kism\u00e9ret\u0171 adatf\u00e1jlok, amelyeket a weboldalak helyeznek el a felhaszn\u00e1l\u00f3k sz\u00e1m\u00edt\u00f3g\u00e9p\u00e9n vagy m\u00e1s eszk\u00f6zein. Ezek az adatok seg\u00edtik a weboldalak m\u0171k\u00f6d\u00e9s\u00e9t, \u00e9s lehet\u0151v\u00e9 teszik a felhaszn\u00e1l\u00f3i \u00e9lm\u00e9ny szem\u00e9lyre szab\u00e1s\u00e1t. A pontott.com\/ingatlan weboldal eset\u00e9ben a cookie-k kulcsszerepet j\u00e1tszanak abban, hogy a felhaszn\u00e1l\u00f3k k\u00e9nyelmesebben navig\u00e1lhassanak az oldalon, illetve a weboldal hat\u00e9konyan gy\u0171jthesse a l\u00e1togat\u00f3i statisztik\u00e1kat.<\/p>\n\n<p>K\u00fcl\u00f6nb\u00f6z\u0151 t\u00edpus\u00fa cookie-k l\u00e9teznek, bele\u00e9rtve a session cookie-kat \u00e9s a permanens cookie-kat. A session cookie-k ideiglenesek, \u00e9s a weboldal bez\u00e1r\u00e1sa ut\u00e1n elt\u00e1vol\u00edt\u00e1sra ker\u00fclnek, m\u00edg a permanens cookie-k a megadott lej\u00e1rati id\u0151pontig megmaradnak, lehet\u0151v\u00e9 t\u00e9ve a felhaszn\u00e1l\u00f3i preferenci\u00e1k hossz\u00fa t\u00e1v\u00fa t\u00e1rol\u00e1s\u00e1t. Ezen k\u00edv\u00fcl l\u00e9teznek harmadik f\u00e9l cookie-k, amelyeket nem a weboldal \u00fczemeltet\u0151je helyez el, hanem m\u00e1s c\u00e9gek, p\u00e9ld\u00e1ul hirdet\u00e9si szolg\u00e1ltat\u00f3k, a felhaszn\u00e1l\u00f3i aktivit\u00e1s nyomon k\u00f6vet\u00e9s\u00e9re.<\/p>\n\n<p>A pontott.com\/ingatlan figyelembe veszi a felhaszn\u00e1l\u00f3k jogait \u00e9s preferenci\u00e1it a cookie-k kezel\u00e9s\u00e9ben. A felhaszn\u00e1l\u00f3k sz\u00e1m\u00e1ra biztos\u00edtott lehet\u0151s\u00e9gek k\u00f6z\u00e9 tartozik a cookie-k elfogad\u00e1sa, azok r\u00e9szleges vagy teljes letilt\u00e1sa, illetve a cookie-k t\u00f6rl\u00e9se a b\u00f6ng\u00e9sz\u0151 be\u00e1ll\u00edt\u00e1sain kereszt\u00fcl. Fontos hangs\u00falyozni, hogy a cookie-k letilt\u00e1sa vagy t\u00f6rl\u00e9se eset\u00e9n a felhaszn\u00e1l\u00f3i \u00e9lm\u00e9ny romolhat, mivel a weboldal nem tudja megjegyezni a felhaszn\u00e1l\u00f3 kor\u00e1bbi be\u00e1ll\u00edt\u00e1sait.<\/p>\n\n<p>A pontott.com\/ingatlan \u00e1ttekintett \u00e9s naprak\u00e9sz cookie-ir\u00e1nyelveket biztos\u00edt, hogy minden l\u00e1togat\u00f3 t\u00e1j\u00e9kozott legyen a cookie-k haszn\u00e1lat\u00e1r\u00f3l \u00e9s azok kezel\u00e9s\u00e9r\u0151l.<\/p>\n\n<h2 class=\"wp-block-heading\">Adatv\u00e9delmi ir\u00e1nyelvek m\u00f3dos\u00edt\u00e1sa<\/h2>\n\n<p>A pontott.com\/ingatlan adatv\u00e9delmi ir\u00e1nyelvei id\u0151vel v\u00e1ltozhatnak, hogy megfeleljenek a jogszab\u00e1lyi el\u0151\u00edr\u00e1soknak, a piaci k\u00f6r\u00fclm\u00e9nyeknek \u00e9s a felhaszn\u00e1l\u00f3i ig\u00e9nyeknek. Ezek a m\u00f3dos\u00edt\u00e1sok elengedhetetlenek, mivel az adatv\u00e9delmi jogszab\u00e1lyok, mint p\u00e9ld\u00e1ul a GDPR vagy m\u00e1s helyi jogszab\u00e1lyok, folyamatosan fejl\u0151dnek. Ezen k\u00edv\u00fcl a felhaszn\u00e1l\u00f3i elv\u00e1r\u00e1sok is folyamatosan v\u00e1ltoznak, \u00e9s a pontott.com\/ingatlan-nak reag\u00e1lnia kell ezekre a kih\u00edv\u00e1sokra a hiteless\u00e9ge \u00e9s megb\u00edzhat\u00f3s\u00e1ga meg\u0151rz\u00e9se \u00e9rdek\u00e9ben.<\/p>\n\n<p>A v\u00e1ltoz\u00e1sok bevezet\u00e9se el\u0151tt a pontott.com\/ingatlan igyekszik konzult\u00e1lni a relev\u00e1ns \u00e9rdekeltekkel, bele\u00e9rtve a jogi tan\u00e1csad\u00f3kat \u00e9s a felhaszn\u00e1l\u00f3i k\u00f6z\u00f6ss\u00e9get, hogy biztos\u00edtsa, hogy az ir\u00e1nyelvek mindenki sz\u00e1m\u00e1ra \u00e9rthet\u0151ek \u00e9s alkalmazhat\u00f3ak legyenek. Ezen k\u00edv\u00fcl sok esetben a m\u00f3dos\u00edt\u00e1sokat r\u00e9szletesen bemutatj\u00e1k az \u00e9rintett felhaszn\u00e1l\u00f3knak, hogy pontosan tudj\u00e1k, hogyan \u00e9rintheti \u0151ket a v\u00e1ltoz\u00e1s.<\/p>\n\n<p>A felhaszn\u00e1l\u00f3kat a pontott.com\/ingatlan k\u00fcl\u00f6nf\u00e9le csatorn\u00e1kon, p\u00e9ld\u00e1ul e-mailben, k\u00f6zlem\u00e9nyek form\u00e1j\u00e1ban vagy a weboldalon ker\u00fcl\u0151 \u00e9rtes\u00edt\u00e9seken kereszt\u00fcl t\u00e1j\u00e9koztatja a m\u00f3dos\u00edt\u00e1sokr\u00f3l. Fontos, hogy a felhaszn\u00e1l\u00f3k figyelemmel k\u00eds\u00e9rj\u00e9k ezeket az \u00e9rtes\u00edt\u00e9seket, hiszen a biztons\u00e1gos, \u00e1tl\u00e1that\u00f3 adatkezel\u00e9s \u00e9rdek\u00e9ben d\u00f6nt\u0151 jelent\u0151s\u00e9ggel b\u00edr, hogy felk\u00e9sz\u00fcljenek a lehets\u00e9ges v\u00e1ltoz\u00e1sokra.<\/p>\n\n<p>Az adatv\u00e9delmi ir\u00e1nyelvek m\u00f3dos\u00edt\u00e1sa nem csup\u00e1n k\u00f6telez\u0151 jogi l\u00e9p\u00e9s, hanem azt is jelzi, hogy a pontott.com\/ingatlan elk\u00f6telezett amellett, hogy folyamatosan jav\u00edtsa \u00e9s optimaliz\u00e1lja az adatkezel\u00e9si gyakorlat\u00e1t. Ez biztos\u00edtja, hogy a felhaszn\u00e1l\u00f3k adatai v\u00e9dve legyenek, m\u00edg a szolg\u00e1ltat\u00e1sok \u00e9s a felhaszn\u00e1l\u00f3i \u00e9lm\u00e9ny is mindig fejleszt\u00e9sre ker\u00fclj\u00f6n.<\/p>\n\n<h2 class=\"wp-block-heading\">Kapcsolatfelv\u00e9tel \u00e9s tov\u00e1bbi inform\u00e1ci\u00f3k<\/h2>\n\n<p>Amennyiben b\u00e1rmilyen k\u00e9rd\u00e9se vagy agg\u00e1lya mer\u00fclne fel a pontott.com\/ingatlan adatv\u00e9delmi ir\u00e1nyelveivel kapcsolatban, javasoljuk, hogy vegye fel a kapcsolatot adatv\u00e9delmi csapatunkkal. A csapatunk el\u00e9rhet\u0151s\u00e9gei a k\u00f6vetkez\u0151k: e-mail c\u00edm\u00fcnk info@pontott.com\/ingatlan, ahol sz\u00edvesen v\u00e1laszolunk minden felmer\u00fcl\u0151 k\u00e9rd\u00e9sre, \u00e9s biztos\u00edtjuk az \u00d6n sz\u00e1m\u00e1ra sz\u00fcks\u00e9ges inform\u00e1ci\u00f3kat.<\/p>\n\n<p>Fontosnak tartjuk, hogy a felhaszn\u00e1l\u00f3k meg\u00e9rts\u00e9k, mik\u00e9nt kezelj\u00fck szem\u00e9lyes adataikat, \u00e9s milyen int\u00e9zked\u00e9seket tesz\u00fcnk annak \u00e9rdek\u00e9ben, hogy meg\u0151rizz\u00fck azok biztons\u00e1g\u00e1t. Ez\u00e9rt javasoljuk, hogy a k\u00e9rd\u00e9sek megv\u00e1laszol\u00e1sa \u00e9rdek\u00e9ben keresg\u00e9ljen a r\u00e9szletes adatv\u00e9delmi ir\u00e1nyelveink k\u00f6z\u00f6tt, amelyek a pontott.com\/ingatlan weboldalunkon tal\u00e1lhat\u00f3. Itt megtal\u00e1lhat\u00f3k azok az alapelvek \u00e9s ir\u00e1nyelvek, amelyek az adatkezel\u00e9s\u00fcnket \u00e9s az \u00d6n jogait szab\u00e1lyozz\u00e1k.<\/p>\n\n<p>B\u00edzunk benne, hogy ez a t\u00e1j\u00e9koztat\u00e1s seg\u00edt abban, hogy jobban meg\u00e9rtse adatv\u00e9delmi politik\u00e1nkat \u00e9s a felhaszn\u00e1l\u00f3i adatainak v\u00e9delm\u00e9t. Amennyiben b\u00e1rmilyen k\u00fcl\u00f6nleges k\u00e9rd\u00e9se lenne, amelyre a weboldalon tal\u00e1lhat\u00f3 inform\u00e1ci\u00f3k nem adnak v\u00e1laszt, ne habozzon felkeresni minket a megadott e-mail c\u00edmen. C\u00e9lunk, hogy minden felhaszn\u00e1l\u00f3 biztons\u00e1gban \u00e9rezze mag\u00e1t, tudva, hogy szem\u00e9lyes adatai megfelel\u0151 m\u00f3don v\u00e9dettek.<\/p>","protected":false},"excerpt":{"rendered":"<p>Bevezet\u00e9s az adatv\u00e9delmi ir\u00e1nyelvek vil\u00e1g\u00e1ba Az adatv\u00e9delmi ir\u00e1nyelvek k\u00f6zponti szerepet j\u00e1tszanak az online vil\u00e1gban, k\u00fcl\u00f6n\u00f6sen a pontott.com\/ingatlan platform eset\u00e9ben. A felhaszn\u00e1l\u00f3i adatok v\u00e9delme nem csup\u00e1n jogi k\u00f6vetelm\u00e9ny, hanem etikai k\u00f6telezetts\u00e9g is, amely a bizalom megteremt\u00e9s\u00e9hez \u00e9s fenntart\u00e1s\u00e1hoz sz\u00fcks\u00e9ges. Az adatv\u00e9delmi jogszab\u00e1lyok c\u00e9lja, hogy v\u00e9dj\u00e9k a felhaszn\u00e1l\u00f3k szem\u00e9lyes adatait a vissza\u00e9l\u00e9sekt\u0151l, \u00e9s biztos\u00edts\u00e1k, hogy azok min\u00e9l [&hellip;]<\/p>\n","protected":false},"author":23,"featured_media":23973,"parent":0,"menu_order":0,"comment_status":"closed","ping_status":"closed","template":"","meta":{"footnotes":""},"class_list":["post-23974","page","type-page","status-publish","has-post-thumbnail","hentry"],"acf":[],"_links":{"self":[{"href":"https:\/\/pontott.com\/ingatlan\/wp-json\/wp\/v2\/pages\/23974","targetHints":{"allow":["GET"]}}],"collection":[{"href":"https:\/\/pontott.com\/ingatlan\/wp-json\/wp\/v2\/pages"}],"about":[{"href":"https:\/\/pontott.com\/ingatlan\/wp-json\/wp\/v2\/types\/page"}],"author":[{"embeddable":true,"href":"https:\/\/pontott.com\/ingatlan\/wp-json\/wp\/v2\/users\/23"}],"replies":[{"embeddable":true,"href":"https:\/\/pontott.com\/ingatlan\/wp-json\/wp\/v2\/comments?post=23974"}],"version-history":[{"count":2,"href":"https:\/\/pontott.com\/ingatlan\/wp-json\/wp\/v2\/pages\/23974\/revisions"}],"predecessor-version":[{"id":23976,"href":"https:\/\/pontott.com\/ingatlan\/wp-json\/wp\/v2\/pages\/23974\/revisions\/23976"}],"wp:featuredmedia":[{"embeddable":true,"href":"https:\/\/pontott.com\/ingatlan\/wp-json\/wp\/v2\/media\/23973"}],"wp:attachment":[{"href":"https:\/\/pontott.com\/ingatlan\/wp-json\/wp\/v2\/media?parent=23974"}],"curies":[{"name":"wp","href":"https:\/\/api.w.org\/{rel}","templated":true}]}}