{"id":23980,"date":"2025-01-13T20:13:22","date_gmt":"2025-01-13T19:13:22","guid":{"rendered":"https:\/\/pontott.com\/ingatlan\/?page_id=23980"},"modified":"2025-01-13T20:13:23","modified_gmt":"2025-01-13T19:13:23","slug":"about-us","status":"publish","type":"page","link":"https:\/\/pontott.com\/ingatlan\/about-us\/","title":{"rendered":"R\u00f3lunk"},"content":{"rendered":"<h2 class=\"wp-block-heading\">A pontott.com\/ingatlan bemutat\u00e1sa<\/h2>\n\n<p>A pontott.com\/ingatlan egy innovat\u00edv weboldal, amely c\u00e9lja, hogy els\u0151 k\u00e9zb\u0151l ny\u00fajtson pontos \u00e9s megb\u00edzhat\u00f3 inform\u00e1ci\u00f3kat a felhaszn\u00e1l\u00f3k sz\u00e1m\u00e1ra. Az oldal l\u00e9trehoz\u00e1s\u00e1nak h\u00e1tter\u00e9ben olyan szak\u00e9rt\u0151k \u00e9s szakemberek \u00e1llnak, akik elk\u00f6telezettek a hiteles adatkezel\u00e9s \u00e9s a p\u00e1rtatlan inform\u00e1ci\u00f3-\u00e1tad\u00e1s ir\u00e1nt. A pontott.com\/ingatlan c\u00e9lja, hogy a l\u00e1togat\u00f3kat t\u00e1j\u00e9koztassa a legfrissebb \u00e9s legfontosabb esem\u00e9nyekr\u0151l, trendekr\u0151l, valamint egy\u00e9b relev\u00e1ns t\u00e1rsadalmi \u00e9s gazdas\u00e1gi t\u00e9m\u00e1kr\u00f3l.<\/p>\n\n<p>A weboldal alapelvei k\u00f6z\u00e9 tartozik a transzparencia \u00e9s a hiteless\u00e9g. Minden inform\u00e1ci\u00f3, amelyet a pontott.com\/ingatlan k\u00f6zz\u00e9tesz, alaposan ellen\u0151rz\u00f6tt forr\u00e1sb\u00f3l sz\u00e1rmazik, biztos\u00edtva a l\u00e1togat\u00f3k sz\u00e1m\u00e1ra, hogy csak a legmegb\u00edzhat\u00f3bb adatokat ismerj\u00e9k meg. A hiteless\u00e9g garant\u00e1l\u00e1sa \u00e9rdek\u00e9ben a szerz\u0151k csak \u00e9s kiz\u00e1r\u00f3lag olyan forr\u00e1sokat haszn\u00e1lnak, amelyek szakmai \u00e9rv\u00e9nyt nyernek a jogszab\u00e1lyi keretek k\u00f6z\u00f6tt, \u00edgy v\u00e9dve a felhaszn\u00e1l\u00f3k \u00e9rdekeit.<\/p>\n\n<p>A pontott.com\/ingatlan k\u00fcldet\u00e9se nem csup\u00e1n az inform\u00e1ci\u00f3k k\u00f6zvet\u00edt\u00e9se, hanem a p\u00e1rtatlan perspekt\u00edva bemutat\u00e1sa is. A c\u00e9l az, hogy a l\u00e1togat\u00f3k \u00f6n\u00e1ll\u00f3 v\u00e9lem\u00e9nyt alkothassanak, inform\u00e1lt d\u00f6nt\u00e9seket hozhassanak a bemutatott t\u00e9m\u00e1kban. Ezen elvek ment\u00e9n a pontott.com\/ingatlan egy olyan platform, amely nem csup\u00e1n inform\u00e1l, hanem az ismeretb\u0151v\u00edt\u00e9st \u00e9s a t\u00e1rsadalmi tudatoss\u00e1g n\u00f6vel\u00e9s\u00e9t is szolg\u00e1lja.<\/p>\n\n<h2 class=\"wp-block-heading\">Publik\u00e1ci\u00f3s ter\u00fcleteink<\/h2>\n\n<p>A pontott.com\/ingatlan c\u00e9lja, hogy sz\u00e9les spektrum\u00fa publik\u00e1ci\u00f3kat k\u00edn\u00e1ljon, amelyek hozz\u00e1j\u00e1rulnak Magyarorsz\u00e1g vonzerej\u00e9nek n\u00f6vel\u00e9s\u00e9hez. Az \u00e1ltalunk v\u00e1lasztott ter\u00fcletek k\u00f6z\u00f6tt kiemelten fontos helyet foglalnak el a h\u00edrek, ingatlan\u00fcgyek, ad\u00e1sv\u00e9teli inform\u00e1ci\u00f3k \u00e9s turisztikai prom\u00f3ci\u00f3k. Ezen t\u00e9m\u00e1k lefedik a legfrissebb esem\u00e9nyeket \u00e9s trendeket, valamint hasznos inform\u00e1ci\u00f3kat ny\u00fajtanak mind a helyiek, mind a l\u00e1togat\u00f3k sz\u00e1m\u00e1ra.<\/p>\n\n<p>A h\u00edrek kateg\u00f3ri\u00e1j\u00e1ban aktu\u00e1lis esem\u00e9nyekr\u0151l \u00e9s fejlem\u00e9nyekr\u0151l sz\u00e1molunk be, k\u00edv\u00e1ncsis\u00e1got \u00e9bresztve az olvas\u00f3kban. C\u00e9lunk, hogy megb\u00edzhat\u00f3 forr\u00e1st biztos\u00edtsunk, amely t\u00fckr\u00f6zi a helyi k\u00f6z\u00f6ss\u00e9g esem\u00e9nyeit \u00e9s Magyarorsz\u00e1g fejl\u0151d\u00e9s\u00e9t. Az ingatlan\u00fcgyek ter\u00e9n olyan elemz\u00e9seket \u00e9s piacjelent\u00e9seket publik\u00e1lunk, amelyek seg\u00edtenek az \u00e9rdekl\u0151d\u0151knek jobb d\u00f6nt\u00e9seket hozni. Az ingatlanpiac dinamikus v\u00e1ltoz\u00e1sait figyelemmel k\u00eds\u00e9rve, r\u00e9szletes betekint\u00e9st ny\u00fajtunk a potenci\u00e1lis befektet\u00e9si lehet\u0151s\u00e9gekbe.<\/p>\n\n<p>Tov\u00e1bb\u00e1, az ad\u00e1sv\u00e9teli inform\u00e1ci\u00f3k szekci\u00f3ban praktikus tan\u00e1csokat \u00e9s \u00fatmutat\u00f3kat osztunk meg a v\u00e1s\u00e1rl\u00e1s \u00e9s elad\u00e1s folyamat\u00e1r\u00f3l, biztos\u00edtva, hogy az \u00e9rdekl\u0151d\u0151k minden hasznos tudnival\u00f3ra r\u00e1tal\u00e1ljanak. A turisztikai prom\u00f3ci\u00f3kban n\u00e9pszer\u0171s\u00edteni k\u00edv\u00e1njuk Magyarorsz\u00e1g kultur\u00e1lis \u00e9s term\u00e9szeti \u00e9rt\u00e9keit, valamint idegenforgalmi attrakci\u00f3it, motiv\u00e1lva ezzel a l\u00e1togat\u00f3kat, hogy felfedezz\u00e9k haz\u00e1nk sz\u00e9ps\u00e9geit.<\/p>\n\n<p>Az \u00e1ltalunk megc\u00e9lzott publik\u00e1ci\u00f3s ter\u00fcletek szervesen kapcsol\u00f3dnak egym\u00e1shoz, \u00e9s egy\u00fcttesen seg\u00edtik el\u0151 a hazai piacon a tud\u00e1smegoszt\u00e1st \u00e9s a tapasztalatcser\u00e9t. Ergonomikus m\u00f3don egys\u00e9ges\u00edtj\u00fck a szakmai inform\u00e1ci\u00f3kat, hogy olvas\u00f3ink k\u00f6nnyed\u00e9n eligibilisen \u00e1t tudj\u00e1k tekinteni a fontos tartalmakat, amelyek gazdag\u00edtj\u00e1k a magyarorsz\u00e1gi \u00e9lm\u00e9nyeiket.<\/p>\n\n<h2 class=\"wp-block-heading\">Mi\u00e9rt v\u00e1laszd a pontott.com\/ingatlan-ot?<\/h2>\n\n<p>A pontott.com\/ingatlan egy kiemelked\u0151 online platform, amely sz\u00e1mos el\u0151nnyel szolg\u00e1l a felhaszn\u00e1l\u00f3k sz\u00e1m\u00e1ra. Az oldal megalkot\u00e1s\u00e1nak f\u0151 c\u00e9lja, hogy megb\u00edzhat\u00f3, r\u00e9szletes \u00e9s soksz\u00edn\u0171 inform\u00e1ci\u00f3kat ny\u00fajtson, amelyek el\u0151seg\u00edtik a tud\u00e1sban val\u00f3 elm\u00e9ly\u00fcl\u00e9st \u00e9s a tudatos d\u00f6nt\u00e9shozatalt. Az elt\u00e9r\u0151 t\u00e9m\u00e1k sz\u00e9les spektrum\u00e1n k\u00edn\u00e1lunk tartalmakat, lehet\u0151v\u00e9 t\u00e9ve a l\u00e1togat\u00f3k sz\u00e1m\u00e1ra, hogy a sz\u00e1mukra legrelev\u00e1nsabb inform\u00e1ci\u00f3kat saj\u00e1t ig\u00e9nyeik szerint fedezz\u00e9k fel.<\/p>\n\n<p>A megb\u00edzhat\u00f3s\u00e1g a pontott.com\/ingatlan egyik legfontosabb ism\u00e9rve. Minden publik\u00e1lt tartalom alapos kutat\u00e1s \u00e9s szak\u00e9rt\u0151i v\u00e9lem\u00e9nyek alapj\u00e1n k\u00e9sz\u00fcl, \u00edgy biztos lehet benne, hogy a hozz\u00e1f\u00e9rhet\u0151 inform\u00e1ci\u00f3k hitelesek \u00e9s naprak\u00e9szen t\u00fckr\u00f6zik a legfrissebb trendeket. Ezen k\u00edv\u00fcl a r\u00e9szletgazdags\u00e1gra is nagy hangs\u00falyt fektet\u00fcnk, hiszen a m\u00e9lyebb betekint\u00e9st ny\u00fajt\u00f3 elemz\u00e9sek \u00e9s r\u00e9szletes \u00fatmutat\u00f3k seg\u00edtik az olvas\u00f3kat a t\u00e9m\u00e1k alapos meg\u00e9rt\u00e9s\u00e9ben.<\/p>\n\n<p>Az oldal soksz\u00edn\u0171s\u00e9ge szint\u00e9n figyelemre m\u00e9lt\u00f3, hiszen k\u00fcl\u00f6nf\u00e9le ter\u00fcleteken \u2013 legyen sz\u00f3 technol\u00f3gi\u00e1r\u00f3l, eg\u00e9szs\u00e9gr\u0151l, p\u00e9nz\u00fcgyekr\u0151l vagy \u00e9letm\u00f3dr\u00f3l \u2013 \u00e1tfog\u00f3 inform\u00e1ci\u00f3kat k\u00edn\u00e1lunk. Olvas\u00f3ink sz\u00e1m\u00e1ra ez\u00e1ltal lehet\u0151s\u00e9g ny\u00edlik arra, hogy sz\u00e9les perspekt\u00edv\u00e1b\u00f3l n\u00e9zhess\u00e9k meg a vil\u00e1got, \u00e9s hasznos tud\u00e1sra tegyenek szert. A pontott.com\/ingatlan folyamatosan friss\u00fcl, \u00edgy garant\u00e1ltan a legaktu\u00e1lisabb \u00e9s relev\u00e1ns inform\u00e1ci\u00f3k \u00e1llnak rendelkez\u00e9s\u00fckre, ezzel seg\u00edtve \u0151ket a mindennapi beslut\u00e9sek meghozatal\u00e1ban.<\/p>\n\n<h2 class=\"wp-block-heading\">Kapcsolat \u00e9s visszajelz\u00e9s<\/h2>\n\n<p>A pontott.com\/ingatlan elk\u00f6telezett amellett, hogy a lehet\u0151 legjobb felhaszn\u00e1l\u00f3i \u00e9lm\u00e9nyt biztos\u00edtsa l\u00e1togat\u00f3inak. Ennek r\u00e9szek\u00e9nt nyitottak vagyunk a kedves olvas\u00f3ink v\u00e9lem\u00e9nyeire, k\u00e9rd\u00e9seire, javaslataira \u00e9s \u00e9szrev\u00e9teleire. B\u00e1tor\u00edtjuk \u00d6n\u00f6ket, hogy b\u00e1tran ossz\u00e1k meg vel\u00fcnk gondolataikat, hiszen ezek seg\u00edts\u00e9g\u00e9vel folyamatosan fejleszthetj\u00fck az oldalunk tartalm\u00e1t, \u00e9s figyelemmel k\u00eds\u00e9rhetj\u00fck, hogy mi \u00e9rdekli legjobban a k\u00f6z\u00f6ns\u00e9g\u00fcnket.<\/p>\n\n<p>A visszajelz\u00e9seket k\u00fcl\u00f6nb\u00f6z\u0151 csatorn\u00e1kon kereszt\u00fcl v\u00e1rjuk. Az oldalon el\u00e9rhet\u0151 egy egyszer\u0171en haszn\u00e1lhat\u00f3 kapcsolatfelv\u00e9teli \u0171rlap, ahol megadhatj\u00e1k nev\u00fcket, e-mail c\u00edm\u00fcket \u00e9s \u00fczenet\u00fcket. K\u00e9rj\u00fck, ha lehet\u0151s\u00e9ge van r\u00e1, legyenek r\u00e9szletesek az \u00e9szrev\u00e9teleikben, hiszen ez seg\u00edt minket abban, hogy pontosabban meg\u00e9rts\u00fck az ig\u00e9nyeiket. Ezen k\u00edv\u00fcl, az oldalon tal\u00e1lhat\u00f3 k\u00f6z\u00f6ss\u00e9gi m\u00e9dia platformokon is el\u00e9rhet minket, ahol folyamatosan akt\u00edvak vagyunk, \u00e9s sz\u00edvesen fogadjuk az ott tett hozz\u00e1sz\u00f3l\u00e1sokat \u00e9s \u00fczeneteket is.<\/p>\n\n<p>A visszajelz\u00e9sek begy\u0171jt\u00e9se mellett hangs\u00falyos szerepet j\u00e1tszik az is, hogy ezeket a javaslatokat hogyan dolgozzuk fel. Regularis m\u00f3don \u00e1ttekintj\u00fck az incoming visszajelz\u00e9seket, amelyek seg\u00edtenek nek\u00fcnk a tartalom friss\u00edt\u00e9s\u00e9ben. Kiemelten fontos sz\u00e1munkra, hogy a honlap tartalma megfeleljen az aktu\u00e1lis trendeknek \u00e9s olvas\u00f3i ig\u00e9nyeknek, hiszen a k\u00f6z\u00f6ns\u00e9g\u00fcnk v\u00e9lem\u00e9nye alapvet\u0151en alak\u00edtja a j\u00f6v\u0151beli fejleszt\u00e9seinket. Folyamatos kapcsolatunk az olvas\u00f3inkkal nemcsak a bizalom \u00e9p\u00edt\u00e9s\u00e9ben j\u00e1tszik fontos szerepet, hanem hozz\u00e1j\u00e1rul ahhoz is, hogy a pontott.com\/ingatlan egy dinamikusan fejl\u0151d\u0151 platform maradjon.<\/p>","protected":false},"excerpt":{"rendered":"<p>A pontott.com\/ingatlan bemutat\u00e1sa A pontott.com\/ingatlan egy innovat\u00edv weboldal, amely c\u00e9lja, hogy els\u0151 k\u00e9zb\u0151l ny\u00fajtson pontos \u00e9s megb\u00edzhat\u00f3 inform\u00e1ci\u00f3kat a felhaszn\u00e1l\u00f3k sz\u00e1m\u00e1ra. Az oldal l\u00e9trehoz\u00e1s\u00e1nak h\u00e1tter\u00e9ben olyan szak\u00e9rt\u0151k \u00e9s szakemberek \u00e1llnak, akik elk\u00f6telezettek a hiteles adatkezel\u00e9s \u00e9s a p\u00e1rtatlan inform\u00e1ci\u00f3-\u00e1tad\u00e1s ir\u00e1nt. A pontott.com\/ingatlan c\u00e9lja, hogy a l\u00e1togat\u00f3kat t\u00e1j\u00e9koztassa a legfrissebb \u00e9s legfontosabb esem\u00e9nyekr\u0151l, trendekr\u0151l, valamint egy\u00e9b [&hellip;]<\/p>\n","protected":false},"author":1,"featured_media":23979,"parent":0,"menu_order":0,"comment_status":"closed","ping_status":"closed","template":"","meta":{"footnotes":""},"class_list":["post-23980","page","type-page","status-publish","has-post-thumbnail","hentry"],"acf":[],"_links":{"self":[{"href":"https:\/\/pontott.com\/ingatlan\/wp-json\/wp\/v2\/pages\/23980","targetHints":{"allow":["GET"]}}],"collection":[{"href":"https:\/\/pontott.com\/ingatlan\/wp-json\/wp\/v2\/pages"}],"about":[{"href":"https:\/\/pontott.com\/ingatlan\/wp-json\/wp\/v2\/types\/page"}],"author":[{"embeddable":true,"href":"https:\/\/pontott.com\/ingatlan\/wp-json\/wp\/v2\/users\/1"}],"replies":[{"embeddable":true,"href":"https:\/\/pontott.com\/ingatlan\/wp-json\/wp\/v2\/comments?post=23980"}],"version-history":[{"count":1,"href":"https:\/\/pontott.com\/ingatlan\/wp-json\/wp\/v2\/pages\/23980\/revisions"}],"predecessor-version":[{"id":23981,"href":"https:\/\/pontott.com\/ingatlan\/wp-json\/wp\/v2\/pages\/23980\/revisions\/23981"}],"wp:featuredmedia":[{"embeddable":true,"href":"https:\/\/pontott.com\/ingatlan\/wp-json\/wp\/v2\/media\/23979"}],"wp:attachment":[{"href":"https:\/\/pontott.com\/ingatlan\/wp-json\/wp\/v2\/media?parent=23980"}],"curies":[{"name":"wp","href":"https:\/\/api.w.org\/{rel}","templated":true}]}}