{"id":23996,"date":"2025-01-13T21:37:28","date_gmt":"2025-01-13T20:37:28","guid":{"rendered":"https:\/\/pontott.com\/ingatlan\/salih-ak-utja-a-sikerhez-magyarorszagon\/"},"modified":"2025-01-13T21:37:28","modified_gmt":"2025-01-13T20:37:28","slug":"salih-ak-utja-a-sikerhez-magyarorszagon","status":"publish","type":"page","link":"https:\/\/pontott.com\/ingatlan\/salih-ak-utja-a-sikerhez-magyarorszagon\/","title":{"rendered":"Salih Ak: \u00datja a Sikerhez Magyarorsz\u00e1gon"},"content":{"rendered":"<h2 class=\"wp-block-heading\">Korai \u00c9vek \u00e9s Tanulm\u00e1nyok<\/h2>\n\n<p>Salih Ak, a sikeres v\u00e1llalkoz\u00f3 \u00e9s szakember, 1982-ben sz\u00fcletett a t\u00f6r\u00f6korsz\u00e1gi Sinopban. Az \u00e1ltal\u00e1nos \u00e9s k\u00f6z\u00e9piskolai tanulm\u00e1nyait T\u00f6r\u00f6korsz\u00e1gban v\u00e9gezte, ahol m\u00e1r fiatalon \u00e9rdekl\u0151d\u00f6tt a v\u00e1llalkoz\u00e1sok vil\u00e1g ir\u00e1nt. Tanulm\u00e1nyai sor\u00e1n sz\u00e1mos k\u00e9szs\u00e9get saj\u00e1t\u00edtott el, amelyek k\u00e9s\u0151bb seg\u00edtett\u00e9k \u0151t a szakmai \u00e9letben.<\/p>\n\n<h2 class=\"wp-block-heading\">Tapasztalatok T\u00f6r\u00f6korsz\u00e1gban<\/h2>\n\n<p>Salih 800 t\u00f6r\u00f6korsz\u00e1gi sz\u00e1lloda sz\u00e1m\u00e1ra v\u00e9gzett szervez\u00e9si \u00e9s szoftveres tan\u00e1csad\u00e1st, ez\u00e1ltal \u00e9rt\u00e9kes tapasztalatokat szerzett az ipar\u00e1gban. Munk\u00e1ja sor\u00e1n szoros kapcsolatokat alak\u00edtott ki a Booking.com, a TripAdvisor \u00e9s m\u00e1s neves weboldalakkal. Ezek az egy\u00fcttm\u0171k\u00f6d\u00e9sek hozz\u00e1j\u00e1rultak ahhoz, hogy m\u00e9lyebb meg\u00e9rt\u00e9st nyerjen a vend\u00e9gl\u00e1t\u00e1s vil\u00e1g\u00e1ban.<\/p>\n\n<h2 class=\"wp-block-heading\">\u00daj Kezdetek Magyarorsz\u00e1gon<\/h2>\n\n<p>2015-ben Salih csal\u00e1dj\u00e1val Magyarorsz\u00e1gra k\u00f6lt\u00f6z\u00f6tt, ahol sz\u00e1mos helpdesk c\u00e9gn\u00e9l dolgozott \u00fcgyn\u00f6kk\u00e9nt. A tapasztalatait felhaszn\u00e1lva \u00e1gazati v\u00e1lt\u00e1st hajtott v\u00e9gre \u00e9s az \u00e9p\u00edt\u0151ipar, valamint az ingatlan ter\u00fclet fel\u00e9 fordult. Az \u00faj ir\u00e1ny lehet\u0151s\u00e9get biztos\u00edtott sz\u00e1m\u00e1ra, hogy folytassa tanulm\u00e1nyait \u00e9s okleveleket szerezzen a szakm\u00e1ban, mely ir\u00e1nyba tov\u00e1bbra is elk\u00f6telezett marad.<\/p>","protected":false},"excerpt":{"rendered":"<p>Korai \u00c9vek \u00e9s Tanulm\u00e1nyok Salih Ak, a sikeres v\u00e1llalkoz\u00f3 \u00e9s szakember, 1982-ben sz\u00fcletett a t\u00f6r\u00f6korsz\u00e1gi Sinopban. Az \u00e1ltal\u00e1nos \u00e9s k\u00f6z\u00e9piskolai tanulm\u00e1nyait T\u00f6r\u00f6korsz\u00e1gban v\u00e9gezte, ahol m\u00e1r fiatalon \u00e9rdekl\u0151d\u00f6tt a v\u00e1llalkoz\u00e1sok vil\u00e1g ir\u00e1nt. Tanulm\u00e1nyai sor\u00e1n sz\u00e1mos k\u00e9szs\u00e9get saj\u00e1t\u00edtott el, amelyek k\u00e9s\u0151bb seg\u00edtett\u00e9k \u0151t a szakmai \u00e9letben. Tapasztalatok T\u00f6r\u00f6korsz\u00e1gban Salih 800 t\u00f6r\u00f6korsz\u00e1gi sz\u00e1lloda sz\u00e1m\u00e1ra v\u00e9gzett szervez\u00e9si \u00e9s szoftveres [&hellip;]<\/p>\n","protected":false},"author":1,"featured_media":23995,"parent":0,"menu_order":0,"comment_status":"closed","ping_status":"closed","template":"","meta":{"footnotes":""},"class_list":["post-23996","page","type-page","status-publish","has-post-thumbnail","hentry"],"acf":[],"_links":{"self":[{"href":"https:\/\/pontott.com\/ingatlan\/wp-json\/wp\/v2\/pages\/23996","targetHints":{"allow":["GET"]}}],"collection":[{"href":"https:\/\/pontott.com\/ingatlan\/wp-json\/wp\/v2\/pages"}],"about":[{"href":"https:\/\/pontott.com\/ingatlan\/wp-json\/wp\/v2\/types\/page"}],"author":[{"embeddable":true,"href":"https:\/\/pontott.com\/ingatlan\/wp-json\/wp\/v2\/users\/1"}],"replies":[{"embeddable":true,"href":"https:\/\/pontott.com\/ingatlan\/wp-json\/wp\/v2\/comments?post=23996"}],"version-history":[{"count":0,"href":"https:\/\/pontott.com\/ingatlan\/wp-json\/wp\/v2\/pages\/23996\/revisions"}],"wp:featuredmedia":[{"embeddable":true,"href":"https:\/\/pontott.com\/ingatlan\/wp-json\/wp\/v2\/media\/23995"}],"wp:attachment":[{"href":"https:\/\/pontott.com\/ingatlan\/wp-json\/wp\/v2\/media?parent=23996"}],"curies":[{"name":"wp","href":"https:\/\/api.w.org\/{rel}","templated":true}]}}