{"id":3141,"date":"2018-06-21T15:20:03","date_gmt":"2018-06-21T15:20:03","guid":{"rendered":"https:\/\/myhometheme.net\/default\/?page_id=3141"},"modified":"2025-01-13T21:50:47","modified_gmt":"2025-01-13T20:50:47","slug":"rolunk","status":"publish","type":"page","link":"https:\/\/pontott.com\/ingatlan\/rolunk\/","title":{"rendered":"R\u00d3LUNK"},"content":{"rendered":"<div class=\"wpb-content-wrapper\">[vc_row css=&#8221;.vc_custom_1532197290482{padding-top: 35px !important;}&#8221;][vc_column css=&#8221;.vc_custom_1512407858131{padding-top: 12px !important;padding-bottom: 24px !important;}&#8221;][vc_row_inner][vc_column_inner width=&#8221;1\/4&#8243;][vc_single_image image=&#8221;21608&#8243; img_size=&#8221;150&#215;40&#8243; css=&#8221;.vc_custom_1736801384400{margin-bottom: 24px !important;}&#8221;][\/vc_column_inner][vc_column_inner width=&#8221;3\/4&#8243;]<div class=\"mh-heading-wrapper--left \">\r\n\t\r\n        <div class=\"mh-heading-wrapper\">\r\n            <h2            class=\"mh-heading     \"\r\n            style=\"font-weight:700;\">\r\n\t\t\tKapcsolatfelv\u00e9teli \u0171rlap        <\/h2>\r\n\r\n\t\t    <\/div>\r\n\r\n\t<\/div>[\/vc_column_inner][\/vc_row_inner][vc_row_inner][vc_column_inner width=&#8221;1\/3&#8243;][vc_btn title=&#8221;R\u00f3lunk&#8221; style=&#8221;gradient&#8221; gradient_color_1=&#8221;green&#8221; gradient_color_2=&#8221;orange&#8221; size=&#8221;lg&#8221; align=&#8221;left&#8221; i_icon_fontawesome=&#8221;fas fa-braille&#8221; button_block=&#8221;true&#8221; add_icon=&#8221;true&#8221; link=&#8221;url:https%3A%2F%2Fpontott.com\/ingatlan%2Fabout-us%2F|title:R%C3%B3lunk&#8221;][vc_btn title=&#8221;Blogbejegyz\u00e9s bek\u00fcld\u00e9se&#8221; style=&#8221;gradient&#8221; gradient_color_1=&#8221;chino&#8221; gradient_color_2=&#8221;purple&#8221; size=&#8221;lg&#8221; align=&#8221;left&#8221; i_icon_fontawesome=&#8221;fas fa-glasses&#8221; button_block=&#8221;true&#8221; add_icon=&#8221;true&#8221; link=&#8221;url:https%3A%2F%2Fpontott.com\/ingatlan%2Fblogbejegyzes-bekuldese%2F|title:R%C3%B3lunk&#8221;][\/vc_column_inner][vc_column_inner width=&#8221;1\/3&#8243;][vc_btn title=&#8221;Kapcsolat&#8221; style=&#8221;gradient&#8221; gradient_color_1=&#8221;vista-blue&#8221; gradient_color_2=&#8221;green&#8221; size=&#8221;lg&#8221; align=&#8221;left&#8221; i_icon_fontawesome=&#8221;fas fa-at&#8221; button_block=&#8221;true&#8221; add_icon=&#8221;true&#8221; link=&#8221;url:https%3A%2F%2Fpontott.com\/ingatlan%2Fkapcsolat%2F|title:R%C3%B3lunk&#8221;][vc_btn title=&#8221;Hirdet\u00e9s felad\u00e1sa&#8221; style=&#8221;gradient&#8221; gradient_color_1=&#8221;pink&#8221; gradient_color_2=&#8221;green&#8221; size=&#8221;lg&#8221; align=&#8221;left&#8221; i_icon_fontawesome=&#8221;fas fa-bullhorn&#8221; button_block=&#8221;true&#8221; add_icon=&#8221;true&#8221; link=&#8221;url:https%3A%2F%2Fpontott.com\/ingatlan%2Fblogbejegyzes-bekuldese%2F|title:R%C3%B3lunk&#8221;][\/vc_column_inner][vc_column_inner width=&#8221;1\/3&#8243;][vc_btn title=&#8221;Adatv\u00e9delmi szab\u00e1lyzat&#8221; style=&#8221;gradient&#8221; gradient_color_2=&#8221;sandy-brown&#8221; size=&#8221;lg&#8221; align=&#8221;left&#8221; i_icon_fontawesome=&#8221;fas fa-balance-scale&#8221; button_block=&#8221;true&#8221; add_icon=&#8221;true&#8221; link=&#8221;url:https%3A%2F%2Fpontott.com\/ingatlan%2Fprivacy-policy%2F|title:R%C3%B3lunk&#8221;][vc_btn title=&#8221;Alap\u00edt\u00f3ja, Tulajdonosa&#8221; style=&#8221;gradient-custom&#8221; gradient_custom_color_1=&#8221;#1E73BE&#8221; gradient_custom_color_2=&#8221;#DD9933&#8243; gradient_text_color=&#8221;#81D742&#8243; size=&#8221;lg&#8221; align=&#8221;left&#8221; i_icon_fontawesome=&#8221;fas fa-coffee&#8221; css=&#8221;&#8221; button_block=&#8221;true&#8221; add_icon=&#8221;true&#8221; link=&#8221;url:https%3A%2F%2Fpontott.com\/ingatlan%2Fsalih-ak-utja-a-sikerhez-magyarorszagon%2F|title:R%C3%B3lunk&#8221;][\/vc_column_inner][\/vc_row_inner][\/vc_column][\/vc_row][vc_row full_width=&#8221;stretch_row_content_no_spaces&#8221; css=&#8221;.vc_custom_1532197537461{margin-top: 0px !important;margin-right: 0px !important;margin-bottom: 0px !important;margin-left: 0px !important;border-top-width: 0px !important;border-right-width: 0px !important;border-bottom-width: 0px !important;border-left-width: 0px !important;padding-top: 0px !important;padding-right: 0px !important;padding-bottom: 0px !important;padding-left: 0px !important;border-left-color: #ffffff !important;border-right-color: #ffffff !important;border-top-color: #ffffff !important;border-bottom-color: #ffffff !important;}&#8221;][vc_column][vc_gmaps link=&#8221;#E-8_JTNDaWZyYW1lJTIwc3JjJTNEJTIyaHR0cHMlM0ElMkYlMkZ3d3cuZ29vZ2xlLmNvbSUyRm1hcHMlMkZlbWJlZCUzRnBiJTNEJTIxMW0xNCUyMTFtMTIlMjExbTMlMjExZDM5MDAuMTY0NjY5MjA2NDg4JTIxMmQyMC4xNDQ3NTUyNzgxMTIzNzglMjEzZDQ2LjI3MzQyNTI5NjYyNTkxJTIxMm0zJTIxMWYwJTIxMmYwJTIxM2YwJTIxM20yJTIxMWkxMDI0JTIxMmk3NjglMjE0ZjEzLjElMjE1ZTAlMjEzbTIlMjExc3RyJTIxMnNubCUyMTR2MTY5NjA2NTU4MjIyOSUyMTVtMiUyMTFzdHIlMjEyc25sJTIyJTIwd2lkdGglM0QlMjI2MDAlMjIlMjBoZWlnaHQlM0QlMjI0NTAlMjIlMjBzdHlsZSUzRCUyMmJvcmRlciUzQTAlM0IlMjIlMjBhbGxvd2Z1bGxzY3JlZW4lM0QlMjIlMjIlMjBsb2FkaW5nJTNEJTIybGF6eSUyMiUyMHJlZmVycmVycG9saWN5JTNEJTIybm8tcmVmZXJyZXItd2hlbi1kb3duZ3JhZGUlMjIlM0UlM0MlMkZpZnJhbWUlM0U=&#8221; size=&#8221;600&#8243; css=&#8221;.vc_custom_1696065595150{margin-top: 0px !important;margin-right: 0px !important;margin-bottom: 0px !important;margin-left: 0px !important;border-top-width: 0px !important;border-right-width: 0px !important;border-bottom-width: 0px !important;border-left-width: 0px !important;padding-top: 0px !important;padding-right: 0px !important;padding-bottom: 0px !important;padding-left: 0px !important;background-color: #ffffff !important;border-left-style: solid !important;border-right-style: solid !important;border-top-style: solid !important;border-bottom-style: solid !important;}&#8221;][\/vc_column][\/vc_row]\n<\/div>","protected":false},"excerpt":{"rendered":"<p>[vc_row css=&#8221;.vc_custom_1532197290482{padding-top: 35px !important;}&#8221;][vc_column css=&#8221;.vc_custom_1512407858131{padding-top: 12px !important;padding-bottom: 24px !important;}&#8221;][vc_row_inner][vc_column_inner width=&#8221;1\/4&#8243;][vc_single_image image=&#8221;21608&#8243; img_size=&#8221;150&#215;40&#8243; css=&#8221;.vc_custom_1736801384400{margin-bottom: 24px !important;}&#8221;][\/vc_column_inner][vc_column_inner width=&#8221;3\/4&#8243;][\/vc_column_inner][\/vc_row_inner][vc_row_inner][vc_column_inner width=&#8221;1\/3&#8243;][vc_btn title=&#8221;R\u00f3lunk&#8221; style=&#8221;gradient&#8221; gradient_color_1=&#8221;green&#8221; gradient_color_2=&#8221;orange&#8221; size=&#8221;lg&#8221; align=&#8221;left&#8221; i_icon_fontawesome=&#8221;fas fa-braille&#8221; button_block=&#8221;true&#8221; add_icon=&#8221;true&#8221; link=&#8221;url:https%3A%2F%2Fpontott.com\/ingatlan%2Fabout-us%2F|title:R%C3%B3lunk&#8221;][vc_btn title=&#8221;Blogbejegyz\u00e9s bek\u00fcld\u00e9se&#8221; style=&#8221;gradient&#8221; gradient_color_1=&#8221;chino&#8221; gradient_color_2=&#8221;purple&#8221; size=&#8221;lg&#8221; align=&#8221;left&#8221; i_icon_fontawesome=&#8221;fas fa-glasses&#8221; button_block=&#8221;true&#8221; add_icon=&#8221;true&#8221; link=&#8221;url:https%3A%2F%2Fpontott.com\/ingatlan%2Fblogbejegyzes-bekuldese%2F|title:R%C3%B3lunk&#8221;][\/vc_column_inner][vc_column_inner width=&#8221;1\/3&#8243;][vc_btn title=&#8221;Kapcsolat&#8221; style=&#8221;gradient&#8221; gradient_color_1=&#8221;vista-blue&#8221; gradient_color_2=&#8221;green&#8221; size=&#8221;lg&#8221; align=&#8221;left&#8221; i_icon_fontawesome=&#8221;fas fa-at&#8221; button_block=&#8221;true&#8221; add_icon=&#8221;true&#8221; link=&#8221;url:https%3A%2F%2Fpontott.com\/ingatlan%2Fkapcsolat%2F|title:R%C3%B3lunk&#8221;][vc_btn title=&#8221;Hirdet\u00e9s felad\u00e1sa&#8221; style=&#8221;gradient&#8221; [&hellip;]<\/p>\n","protected":false},"author":13,"featured_media":0,"parent":0,"menu_order":0,"comment_status":"closed","ping_status":"closed","template":"page_full-width-with-top-title.php","meta":{"footnotes":""},"class_list":["post-3141","page","type-page","status-publish","hentry"],"acf":[],"_links":{"self":[{"href":"https:\/\/pontott.com\/ingatlan\/wp-json\/wp\/v2\/pages\/3141","targetHints":{"allow":["GET"]}}],"collection":[{"href":"https:\/\/pontott.com\/ingatlan\/wp-json\/wp\/v2\/pages"}],"about":[{"href":"https:\/\/pontott.com\/ingatlan\/wp-json\/wp\/v2\/types\/page"}],"author":[{"embeddable":true,"href":"https:\/\/pontott.com\/ingatlan\/wp-json\/wp\/v2\/users\/13"}],"replies":[{"embeddable":true,"href":"https:\/\/pontott.com\/ingatlan\/wp-json\/wp\/v2\/comments?post=3141"}],"version-history":[{"count":20,"href":"https:\/\/pontott.com\/ingatlan\/wp-json\/wp\/v2\/pages\/3141\/revisions"}],"predecessor-version":[{"id":23999,"href":"https:\/\/pontott.com\/ingatlan\/wp-json\/wp\/v2\/pages\/3141\/revisions\/23999"}],"wp:attachment":[{"href":"https:\/\/pontott.com\/ingatlan\/wp-json\/wp\/v2\/media?parent=3141"}],"curies":[{"name":"wp","href":"https:\/\/api.w.org\/{rel}","templated":true}]}}