{"id":6067,"date":"2022-01-23T06:25:36","date_gmt":"2022-01-23T06:25:36","guid":{"rendered":"https:\/\/myhome1.tangiblewp.com\/?page_id=6067"},"modified":"2025-09-02T07:08:29","modified_gmt":"2025-09-02T07:08:29","slug":"kezdolap","status":"publish","type":"page","link":"https:\/\/pontott.com\/mester\/","title":{"rendered":"Kezd\u0151lap"},"content":{"rendered":"\t\t<div data-elementor-type=\"wp-page\" data-elementor-id=\"6067\" class=\"elementor elementor-6067\">\n\t\t\t\t\t\t<section class=\"elementor-section elementor-top-section elementor-element elementor-element-d2c671f elementor-section-boxed elementor-section-height-default elementor-section-height-default\" data-id=\"d2c671f\" data-element_type=\"section\" data-e-type=\"section\" data-settings=\"{&quot;background_background&quot;:&quot;slideshow&quot;,&quot;background_slideshow_gallery&quot;:[{&quot;id&quot;:15671,&quot;url&quot;:&quot;https:\\\/\\\/pontott.com\\\/mester\\\/wp-content\\\/uploads\\\/2024\\\/09\\\/big-3.jpeg&quot;},{&quot;id&quot;:15673,&quot;url&quot;:&quot;https:\\\/\\\/pontott.com\\\/mester\\\/wp-content\\\/uploads\\\/2024\\\/09\\\/big-1.jpeg&quot;},{&quot;id&quot;:15670,&quot;url&quot;:&quot;https:\\\/\\\/pontott.com\\\/mester\\\/wp-content\\\/uploads\\\/2024\\\/09\\\/big-4.jpeg&quot;}],&quot;background_slideshow_lazyload&quot;:&quot;yes&quot;,&quot;background_slideshow_ken_burns&quot;:&quot;yes&quot;,&quot;background_slideshow_loop&quot;:&quot;yes&quot;,&quot;background_slideshow_slide_duration&quot;:5000,&quot;background_slideshow_slide_transition&quot;:&quot;fade&quot;,&quot;background_slideshow_transition_duration&quot;:500,&quot;background_slideshow_ken_burns_zoom_direction&quot;:&quot;in&quot;}\">\n\t\t\t\t\t\t\t<div class=\"elementor-background-overlay\"><\/div>\n\t\t\t\t\t\t\t<div class=\"elementor-container elementor-column-gap-default\">\n\t\t\t\t\t<div class=\"elementor-column elementor-col-100 elementor-top-column elementor-element elementor-element-4ebe2ef\" data-id=\"4ebe2ef\" data-element_type=\"column\" data-e-type=\"column\">\n\t\t\t<div class=\"elementor-widget-wrap elementor-element-populated\">\n\t\t\t\t\t\t<div class=\"elementor-element elementor-element-20f493b elementor-widget elementor-widget-heading\" data-id=\"20f493b\" data-element_type=\"widget\" data-e-type=\"widget\" data-widget_type=\"heading.default\">\n\t\t\t\t\t<h2 class=\"elementor-heading-title elementor-size-default\">Szakter\u00fcleteink<\/h2>\t\t\t\t<\/div>\n\t\t\t\t<div class=\"elementor-element elementor-element-2359878 elementor-widget elementor-widget-spacer\" data-id=\"2359878\" data-element_type=\"widget\" data-e-type=\"widget\" data-widget_type=\"spacer.default\">\n\t\t\t\t\t\t\t<div class=\"elementor-spacer\">\n\t\t\t<div class=\"elementor-spacer-inner\"><\/div>\n\t\t<\/div>\n\t\t\t\t\t\t<\/div>\n\t\t\t\t<div class=\"elementor-element elementor-element-f5a325e elementor-widget__width-initial elementor-widget elementor-widget-text-editor\" data-id=\"f5a325e\" data-element_type=\"widget\" data-e-type=\"widget\" data-widget_type=\"text-editor.default\">\n\t\t\t\t\t\t\t\t\t<div style=\"max-width: 1000px; margin: 0 auto; padding: 40px 20px; font-family: Arial, sans-serif;\"><div style=\"display: grid; grid-template-columns: repeat(auto-fit, minmax(250px, 1fr)); gap: 30px;\"><div style=\"text-align: center; padding: 20px; border: 1px solid #e0e0e0; border-radius: 10px;\"><div style=\"font-size: 40px;\"><img decoding=\"async\" class=\"emoji\" role=\"img\" draggable=\"false\" src=\"https:\/\/s.w.org\/images\/core\/emoji\/16.0.1\/svg\/1f6e0.svg\" alt=\"\ud83d\udee0\ufe0f\" \/><\/div><h3 style=\"margin: 15px 0 10px;\"><a href=\"https:\/\/pontott.com\/mester\/felujitas-renovacio\/\" rel=\"noopener\"><b>Fel\u00faj\u00edt\u00e1s &amp; Renov\u00e1ci\u00f3<\/b><\/a><\/h3><h3 style=\"margin: 15px 0 10px;\"><a href=\"https:\/\/pontott.com\/mester\/felujitas-renovacio\/\">Otthonok \u00e9s irod\u00e1k teljes k\u00f6r\u0171 fel\u00faj\u00edt\u00e1sa a tervez\u00e9st\u0151l a kivitelez\u00e9sig.<\/a><\/h3><\/div><div style=\"text-align: center; padding: 20px; border: 1px solid #e0e0e0; border-radius: 10px;\"><div style=\"font-size: 40px;\"><img decoding=\"async\" class=\"emoji\" role=\"img\" draggable=\"false\" src=\"https:\/\/s.w.org\/images\/core\/emoji\/16.0.1\/svg\/1f9f1.svg\" alt=\"\ud83e\uddf1\" \/><\/div><h3 style=\"margin: 15px 0 10px;\"><a href=\"https:\/\/pontott.com\/mester\/falazat-vakolat-reszletes-utmutato\/\" rel=\"noopener\"><b>Falazat &amp; Vakolat<\/b><\/a><\/h3><h3 style=\"margin: 15px 0 10px;\"><a href=\"https:\/\/pontott.com\/mester\/falazat-vakolat-reszletes-utmutato\/\" rel=\"noopener\">T\u00e9gla- \u00e9s blokkfalak \u00e9p\u00edt\u00e9se, bels\u0151 \u00e9s k\u00fcls\u0151 vakolatok elk\u00e9sz\u00edt\u00e9se.<\/a><\/h3><\/div><div style=\"text-align: center; padding: 20px; border: 1px solid #e0e0e0; border-radius: 10px;\"><div style=\"font-size: 40px;\"><img decoding=\"async\" class=\"emoji\" role=\"img\" draggable=\"false\" src=\"https:\/\/s.w.org\/images\/core\/emoji\/16.0.1\/svg\/1f3a8.svg\" alt=\"\ud83c\udfa8\" \/><\/div><h3 style=\"margin: 15px 0 10px;\"><a href=\"https:\/\/pontott.com\/mester\/festes-dekoracio\/\" rel=\"noopener\"><b>Fest\u00e9s &amp; Dekor\u00e1ci\u00f3<\/b><\/a><\/h3><h3 style=\"margin: 15px 0 10px;\"><a href=\"https:\/\/pontott.com\/mester\/festes-dekoracio\/\" rel=\"noopener\">Belt\u00e9ri \u00e9s k\u00fclt\u00e9ri fest\u00e9s, dekorat\u00edv fel\u00fcletek, faldekor\u00e1ci\u00f3k.<\/a><\/h3><\/div><div style=\"text-align: center; padding: 20px; border: 1px solid #e0e0e0; border-radius: 10px;\"><div style=\"font-size: 40px;\"><img decoding=\"async\" class=\"emoji\" role=\"img\" draggable=\"false\" src=\"https:\/\/s.w.org\/images\/core\/emoji\/16.0.1\/svg\/26a1.svg\" alt=\"\u26a1\" \/><\/div><h3 style=\"margin: 15px 0 10px;\"><a href=\"https:\/\/pontott.com\/mester\/villanyszereles-erintokapcsolos-rendszerek\/\" rel=\"noopener\"><b>Villanyszerel\u00e9s &amp; \u00c9rint\u0151kapcsol\u00f3s Rendszerek<\/b><\/a><\/h3><h3 style=\"margin: 15px 0 10px;\"><a href=\"https:\/\/pontott.com\/mester\/villanyszereles-erintokapcsolos-rendszerek\/\" rel=\"noopener\">H\u00e1l\u00f3zati \u00e9s intelligens \u00e9rint\u0151kapcsol\u00f3s rendszerek telep\u00edt\u00e9s<\/a><\/h3><\/div><div style=\"text-align: center; padding: 20px; border: 1px solid #e0e0e0; border-radius: 10px;\"><h3 style=\"margin-top: 15px; margin-bottom: 10px; letter-spacing: normal;\"><i style=\"letter-spacing: 0px;\"><img decoding=\"async\" class=\"emoji\" style=\"background-color: #ffffff; font-family: Arial, sans-serif; font-size: 40px; background-image: none !important;\" role=\"img\" draggable=\"false\" src=\"https:\/\/s.w.org\/images\/core\/emoji\/16.0.1\/svg\/1f4a7.svg\" alt=\"\ud83d\udca7\" \/><\/i><\/h3><h3 style=\"margin-top: 15px; margin-bottom: 10px; letter-spacing: normal;\"><a href=\"https:\/\/pontott.com\/mester\/vizvezetek-es-gazszereles\/\" rel=\"noopener\"><b>V\u00edzvezet\u00e9k &amp; G\u00e1zszerel\u00e9s<\/b><\/a><\/h3><h3 style=\"margin-top: 15px; margin-bottom: 10px; letter-spacing: normal;\"><a href=\"https:\/\/pontott.com\/mester\/vizvezetek-es-gazszereles\/\" rel=\"noopener\">Lak\u00e1sok \u00e9s ipari l\u00e9tes\u00edtm\u00e9nyek v\u00edz- \u00e9s g\u00e1zvezet\u00e9k szerel\u00e9se.<\/a><\/h3><\/div><div style=\"text-align: center; padding: 20px; border: 1px solid #e0e0e0; border-radius: 10px;\"><h3 style=\"margin-top: 15px; margin-bottom: 10px; letter-spacing: normal;\"><img decoding=\"async\" class=\"emoji\" style=\"background-color: #ffffff; font-family: Arial, sans-serif; font-size: 40px; background-image: none !important;\" role=\"img\" draggable=\"false\" src=\"https:\/\/s.w.org\/images\/core\/emoji\/16.0.1\/svg\/1f528.svg\" alt=\"\ud83d\udd28\" \/><\/h3><h3 style=\"margin-top: 15px; margin-bottom: 10px; letter-spacing: normal;\"><a href=\"https:\/\/pontott.com\/mester\/szarazepites-gipszkarton-acslap\" rel=\"noopener\"><b>Sz\u00e1raz\u00e9p\u00edt\u00e9s (Gipszkarton, \u00c1cslap)<\/b><\/a><\/h3><h3 style=\"margin-top: 15px; margin-bottom: 10px; letter-spacing: normal;\"><a href=\"https:\/\/pontott.com\/mester\/szarazepites-gipszkarton-acslap\" rel=\"noopener\">Fal- \u00e9s \u00e1lmennyezet \u00e9p\u00edt\u00e9se gipszkarton \u00e9s egy\u00e9b sz\u00e1raz\u00e9p\u00edt\u00e9si technol\u00f3gi\u00e1kkal.<\/a><\/h3><\/div><\/div><\/div>\t\t\t\t\t\t\t\t<\/div>\n\t\t\t\t<div class=\"elementor-element elementor-element-d5f11f9 elementor-widget elementor-widget-spacer\" data-id=\"d5f11f9\" data-element_type=\"widget\" data-e-type=\"widget\" data-widget_type=\"spacer.default\">\n\t\t\t\t\t\t\t<div class=\"elementor-spacer\">\n\t\t\t<div class=\"elementor-spacer-inner\"><\/div>\n\t\t<\/div>\n\t\t\t\t\t\t<\/div>\n\t\t\t\t\t<\/div>\n\t\t<\/div>\n\t\t\t\t\t<\/div>\n\t\t<\/section>\n\t\t<div class=\"elementor-element elementor-element-a02f8b6 e-con-full e-flex e-con e-parent\" data-id=\"a02f8b6\" data-element_type=\"container\" data-e-type=\"container\">\n\t\t<div class=\"elementor-element elementor-element-740596f e-con-full e-flex e-con e-child\" data-id=\"740596f\" data-element_type=\"container\" data-e-type=\"container\">\n\t\t\t\t<div class=\"elementor-element elementor-element-2abb80a elementor-widget elementor-widget-text-editor\" data-id=\"2abb80a\" data-element_type=\"widget\" data-e-type=\"widget\" data-widget_type=\"text-editor.default\">\n\t\t\t\t\t\t\t\t\t<div style=\"max-width:900px; margin:0 auto; padding:40px 20px; font-family: Arial, sans-serif; text-align:center; background-color:#f9f9f9; border-radius:12px;\">\n  \n  <!-- \u0130kon -->\n  <div style=\"font-size:50px; margin-bottom:20px;\">\ud83e\udd1d<\/div>\n  \n  <!-- Ba\u015fl\u0131k -->\n  <h2 style=\"color:#1a1a1a; margin-bottom:15px;\">A legjobb szakembereket ismerj\u00fck<\/h2>\n  \n  <!-- A\u00e7\u0131klama -->\n  <p style=\"font-size:18px; color:#555; line-height:1.6; max-width:700px; margin:0 auto;\">\n    Az\u00e9rt vagyunk itt, hogy \u00d6nt csapatunkkal \u00f6sszehozzuk. Nem csak egy-k\u00e9t szem\u00e9ly, hanem t\u00f6bb v\u00e1rosban sz\u00e1mos alternat\u00edv szolg\u00e1ltat\u00f3 \u00e1ll rendelkez\u00e9s\u00e9re.\n  <\/p>\n  \n  <!-- CTA Buton -->\n  <div style=\"margin-top:25px;\">\n    <a href=\"#szakemberek\" style=\"display:inline-block; padding:12px 25px; background-color:#0073e6; color:#fff; border-radius:8px; text-decoration:none; font-weight:bold; transition: background-color 0.3s;\">\n      Ismerje meg szakembereinket\n    <\/a>\n  <\/div>\n  \n<\/div>\n\t\t\t\t\t\t\t\t<\/div>\n\t\t\t\t<\/div>\n\t\t<div class=\"elementor-element elementor-element-d07da40 e-con-full e-flex e-con e-child\" data-id=\"d07da40\" data-element_type=\"container\" data-e-type=\"container\">\n\t\t<div class=\"elementor-element elementor-element-5600a3e e-con-full e-flex e-con e-child\" data-id=\"5600a3e\" data-element_type=\"container\" data-e-type=\"container\">\n\t\t\t\t<div class=\"elementor-element elementor-element-2618acb elementor-widget elementor-widget-text-editor\" data-id=\"2618acb\" data-element_type=\"widget\" data-e-type=\"widget\" data-widget_type=\"text-editor.default\">\n\t\t\t\t\t\t\t\t\t<div style=\"max-width:900px; margin:0 auto; padding:40px 20px; font-family: Arial, sans-serif; text-align:center; background-color:#f0f8ff; border-radius:12px;\">\n  \n  <!-- \u0130kon -->\n  <div style=\"font-size:50px; margin-bottom:20px;\">\ud83c\udf93<\/div>\n  \n  <!-- Ba\u015fl\u0131k -->\n  <h2 style=\"color:#1a1a1a; margin-bottom:15px;\">Elv\u00e9gezted az iskol\u00e1t, j\u00f3l dolgozol, de neh\u00e9z munk\u00e1t tal\u00e1lni?<\/h2>\n  \n  <!-- A\u00e7\u0131klama -->\n  <p style=\"font-size:18px; color:#555; line-height:1.6; max-width:700px; margin:0 auto;\">\n    Itt regisztr\u00e1lj, \u00e9s oszd meg vel\u00fcnk referenciamunk\u00e1idat! A be\u00e9rkez\u0151 megrendel\u00e9sek eset\u00e9n egy\u00fcttm\u0171k\u00f6dhet\u00fcnk veled, vagy Te is ig\u00e9nybe veheted profi szakembereink szolg\u00e1ltat\u00e1sait.\n  <\/p>\n  \n  <!-- CTA Buton -->\n  <div style=\"margin-top:25px;\">\n    <a href=\"#regisztracio\" style=\"display:inline-block; padding:12px 25px; background-color:#28a745; color:#fff; border-radius:8px; text-decoration:none; font-weight:bold; transition: background-color 0.3s;\">\n      Regisztr\u00e1lj most\n    <\/a>\n  <\/div>\n  \n<\/div>\n\t\t\t\t\t\t\t\t<\/div>\n\t\t\t\t<\/div>\n\t\t<div class=\"elementor-element elementor-element-72da71e e-con-full e-flex e-con e-child\" data-id=\"72da71e\" data-element_type=\"container\" data-e-type=\"container\">\n\t\t\t\t<\/div>\n\t\t\t\t<\/div>\n\t\t\t\t<\/div>\n\t\t\t\t<section class=\"elementor-section elementor-top-section elementor-element elementor-element-675cf2a elementor-section-boxed elementor-section-height-default elementor-section-height-default\" data-id=\"675cf2a\" data-element_type=\"section\" data-e-type=\"section\" data-settings=\"{&quot;background_background&quot;:&quot;classic&quot;}\">\n\t\t\t\t\t\t\t<div class=\"elementor-background-overlay\"><\/div>\n\t\t\t\t\t\t\t<div class=\"elementor-container elementor-column-gap-default\">\n\t\t\t\t\t<div class=\"elementor-column elementor-col-100 elementor-top-column elementor-element elementor-element-99847fb\" data-id=\"99847fb\" data-element_type=\"column\" data-e-type=\"column\">\n\t\t\t<div class=\"elementor-widget-wrap elementor-element-populated\">\n\t\t\t\t\t\t<div class=\"elementor-element elementor-element-c34a325 elementor-widget elementor-widget-spacer\" data-id=\"c34a325\" data-element_type=\"widget\" data-e-type=\"widget\" data-widget_type=\"spacer.default\">\n\t\t\t\t\t\t\t<div class=\"elementor-spacer\">\n\t\t\t<div class=\"elementor-spacer-inner\"><\/div>\n\t\t<\/div>\n\t\t\t\t\t\t<\/div>\n\t\t\t\t<section class=\"elementor-section elementor-inner-section elementor-element elementor-element-bfde63e elementor-section-boxed elementor-section-height-default elementor-section-height-default\" data-id=\"bfde63e\" data-element_type=\"section\" data-e-type=\"section\">\n\t\t\t\t\t\t<div class=\"elementor-container elementor-column-gap-default\">\n\t\t\t\t\t<div class=\"elementor-column elementor-col-50 elementor-inner-column elementor-element elementor-element-423819b\" data-id=\"423819b\" data-element_type=\"column\" data-e-type=\"column\">\n\t\t\t<div class=\"elementor-widget-wrap elementor-element-populated\">\n\t\t\t\t\t\t<div class=\"elementor-element elementor-element-05d1fd5 elementor-widget-tablet__width-inherit elementor-widget elementor-widget-heading\" data-id=\"05d1fd5\" data-element_type=\"widget\" data-e-type=\"widget\" data-widget_type=\"heading.default\">\n\t\t\t\t\t<h3 class=\"elementor-heading-title elementor-size-default\">Szeretn\u00e9l profi szakemberekkel dolgozni vagy egyedi aj\u00e1nlatot kapni?<\/h3>\t\t\t\t<\/div>\n\t\t\t\t<div class=\"elementor-element elementor-element-de2138c elementor-widget elementor-widget-spacer\" data-id=\"de2138c\" data-element_type=\"widget\" data-e-type=\"widget\" data-widget_type=\"spacer.default\">\n\t\t\t\t\t\t\t<div class=\"elementor-spacer\">\n\t\t\t<div class=\"elementor-spacer-inner\"><\/div>\n\t\t<\/div>\n\t\t\t\t\t\t<\/div>\n\t\t\t\t<div class=\"elementor-element elementor-element-afc57a1 elementor-widget__width-initial elementor-widget elementor-widget-text-editor\" data-id=\"afc57a1\" data-element_type=\"widget\" data-e-type=\"widget\" data-widget_type=\"text-editor.default\">\n\t\t\t\t\t\t\t\t\t<p class=\"p1\">T\u00f6ltsd ki az al\u00e1bbi \u0171rlapot, \u00e9s mi kapcsolatba l\u00e9p\u00fcnk veled! Ne hagyd ki a lehet\u0151s\u00e9get, hogy a legjobb szakemberekkel val\u00f3s\u00edtsd meg projektedet.<\/p>\t\t\t\t\t\t\t\t<\/div>\n\t\t\t\t<div class=\"elementor-element elementor-element-3eae779 elementor-widget elementor-widget-spacer\" data-id=\"3eae779\" data-element_type=\"widget\" data-e-type=\"widget\" data-widget_type=\"spacer.default\">\n\t\t\t\t\t\t\t<div class=\"elementor-spacer\">\n\t\t\t<div class=\"elementor-spacer-inner\"><\/div>\n\t\t<\/div>\n\t\t\t\t\t\t<\/div>\n\t\t\t\t\t<\/div>\n\t\t<\/div>\n\t\t\t\t<div class=\"elementor-column elementor-col-50 elementor-inner-column elementor-element elementor-element-7b6a955\" data-id=\"7b6a955\" data-element_type=\"column\" data-e-type=\"column\">\n\t\t\t<div class=\"elementor-widget-wrap elementor-element-populated\">\n\t\t\t\t\t\t<div class=\"elementor-element elementor-element-beee758 elementor-widget elementor-widget-html\" data-id=\"beee758\" data-element_type=\"widget\" data-e-type=\"widget\" data-widget_type=\"html.default\">\n\t\t\t\t\t<div style=\"max-width:700px; margin:0 auto; padding:40px 20px; font-family: Arial, sans-serif; background-color:#f9f9f9; border-radius:12px;\">\r\n  <h2 style=\"text-align:center; margin-bottom:30px; color:#1a1a1a;\">Kapcsolat \/ Aj\u00e1nlatk\u00e9r\u00e9s<\/h2>\r\n\r\n  <?php\r\n    if ($_SERVER[\"REQUEST_METHOD\"] == \"POST\") {\r\n        $to = \"aksalih1982@gmail.com\"; \/\/ Mail al\u0131c\u0131\r\n        $subject = \"\u00daj aj\u00e1nlatk\u00e9r\u00e9s\";\r\n        $name = htmlspecialchars($_POST['fullname']);\r\n        $email = htmlspecialchars($_POST['email']);\r\n        $phone = htmlspecialchars($_POST['phone']);\r\n        $category = htmlspecialchars($_POST['job_category']);\r\n        $square = htmlspecialchars($_POST['square_meter']);\r\n        $address = htmlspecialchars($_POST['address']);\r\n\r\n        $message = \"N\u00e9v: $name\\n\";\r\n        $message .= \"Email: $email\\n\";\r\n        $message .= \"Telefon: $phone\\n\";\r\n        $message .= \"Munka kateg\u00f3ria: $category\\n\";\r\n        $message .= \"Metr\u00e9: $square\\n\";\r\n        $message .= \"C\u00edm: $address\\n\";\r\n\r\n        $headers = \"From: $email\\r\\nReply-To: $email\";\r\n\r\n        if(mail($to, $subject, $message, $headers)){\r\n            echo \"<p style='color:green; text-align:center; font-weight:bold;'>Az \u00fczenet sikeresen elk\u00fcldve!<\/p>\";\r\n        } else {\r\n            echo \"<p style='color:red; text-align:center; font-weight:bold;'>Hiba t\u00f6rt\u00e9nt, k\u00e9rj\u00fck pr\u00f3b\u00e1lja \u00fajra!<\/p>\";\r\n        }\r\n    }\r\n  ?>\r\n\r\n  <form method=\"post\" style=\"display:flex; flex-direction:column; gap:15px;\">\r\n    \r\n    <input type=\"text\" name=\"fullname\" placeholder=\"Teljes n\u00e9v\" required\r\n      style=\"padding:12px; border:1px solid #ccc; border-radius:6px; font-size:16px;\">\r\n    \r\n    <input type=\"email\" name=\"email\" placeholder=\"Email c\u00edm\" required\r\n      style=\"padding:12px; border:1px solid #ccc; border-radius:6px; font-size:16px;\">\r\n    \r\n    <input type=\"tel\" name=\"phone\" placeholder=\"Telefonsz\u00e1m\" required\r\n      style=\"padding:12px; border:1px solid #ccc; border-radius:6px; font-size:16px;\">\r\n    \r\n    <select name=\"job_category\" required style=\"padding:12px; border:1px solid #ccc; border-radius:6px; font-size:16px;\">\r\n      <option value=\"\">V\u00e1lasszon munka kateg\u00f3ri\u00e1t<\/option>\r\n      <option value=\"tadilat\">Fel\u00faj\u00edt\u00e1s & Renov\u00e1ci\u00f3<\/option>\r\n      <option value=\"falazat\">Falazat & Vakolat<\/option>\r\n      <option value=\"festes\">Fest\u00e9s & Dekor\u00e1ci\u00f3<\/option>\r\n      <option value=\"villany\">Villanyszerel\u00e9s & \u00c9rint\u0151kapcsol\u00f3s Rendszerek<\/option>\r\n      <option value=\"vizgaz\">V\u00edzvezet\u00e9k- \u00e9s G\u00e1zszerel\u00e9s<\/option>\r\n      <option value=\"szarazepites\">Sz\u00e1raz\u00e9p\u00edt\u00e9s (Gipszkarton, \u00c1cslap)<\/option>\r\n    <\/select>\r\n    \r\n    <input type=\"number\" name=\"square_meter\" placeholder=\"Metr\u00e9 (m\u00b2)\" required\r\n      style=\"padding:12px; border:1px solid #ccc; border-radius:6px; font-size:16px;\">\r\n    \r\n    <input type=\"text\" name=\"address\" placeholder=\"C\u00edm\" required\r\n      style=\"padding:12px; border:1px solid #ccc; border-radius:6px; font-size:16px;\">\r\n    \r\n    <button type=\"submit\" style=\"padding:15px; background-color:#0073e6; color:#fff; border:none; border-radius:8px; font-size:16px; font-weight:bold; cursor:pointer; transition: background-color 0.3s;\">\r\n      K\u00fcld\u00e9s\r\n    <\/button>\r\n    \r\n  <\/form>\r\n<\/div>\r\n\t\t\t\t<\/div>\n\t\t\t\t\t<\/div>\n\t\t<\/div>\n\t\t\t\t\t<\/div>\n\t\t<\/section>\n\t\t\t\t<div class=\"elementor-element elementor-element-5ac65a1 elementor-widget elementor-widget-spacer\" data-id=\"5ac65a1\" data-element_type=\"widget\" data-e-type=\"widget\" data-widget_type=\"spacer.default\">\n\t\t\t\t\t\t\t<div class=\"elementor-spacer\">\n\t\t\t<div class=\"elementor-spacer-inner\"><\/div>\n\t\t<\/div>\n\t\t\t\t\t\t<\/div>\n\t\t\t\t\t<\/div>\n\t\t<\/div>\n\t\t\t\t\t<\/div>\n\t\t<\/section>\n\t\t\t\t<\/div>\n\t\t","protected":false},"excerpt":{"rendered":"<p>Szakter\u00fcleteink Fel\u00faj\u00edt\u00e1s &amp; Renov\u00e1ci\u00f3 Otthonok \u00e9s irod\u00e1k teljes k\u00f6r\u0171 fel\u00faj\u00edt\u00e1sa a tervez\u00e9st\u0151l a kivitelez\u00e9sig. Falazat &amp; Vakolat T\u00e9gla- \u00e9s blokkfalak \u00e9p\u00edt\u00e9se, bels\u0151 \u00e9s k\u00fcls\u0151 vakolatok elk\u00e9sz\u00edt\u00e9se. Fest\u00e9s &amp; Dekor\u00e1ci\u00f3 Belt\u00e9ri \u00e9s k\u00fclt\u00e9ri fest\u00e9s, dekorat\u00edv fel\u00fcletek, faldekor\u00e1ci\u00f3k. Villanyszerel\u00e9s &amp; \u00c9rint\u0151kapcsol\u00f3s Rendszerek H\u00e1l\u00f3zati \u00e9s intelligens \u00e9rint\u0151kapcsol\u00f3s rendszerek telep\u00edt\u00e9s V\u00edzvezet\u00e9k &amp; G\u00e1zszerel\u00e9s Lak\u00e1sok \u00e9s ipari l\u00e9tes\u00edtm\u00e9nyek v\u00edz- \u00e9s [&hellip;]<\/p>\n","protected":false},"author":1,"featured_media":0,"parent":0,"menu_order":0,"comment_status":"closed","ping_status":"closed","template":"elementor_header_footer","meta":{"footnotes":""},"class_list":["post-6067","page","type-page","status-publish","hentry"],"acf":[],"_links":{"self":[{"href":"https:\/\/pontott.com\/mester\/wp-json\/wp\/v2\/pages\/6067","targetHints":{"allow":["GET"]}}],"collection":[{"href":"https:\/\/pontott.com\/mester\/wp-json\/wp\/v2\/pages"}],"about":[{"href":"https:\/\/pontott.com\/mester\/wp-json\/wp\/v2\/types\/page"}],"author":[{"embeddable":true,"href":"https:\/\/pontott.com\/mester\/wp-json\/wp\/v2\/users\/1"}],"replies":[{"embeddable":true,"href":"https:\/\/pontott.com\/mester\/wp-json\/wp\/v2\/comments?post=6067"}],"version-history":[{"count":108,"href":"https:\/\/pontott.com\/mester\/wp-json\/wp\/v2\/pages\/6067\/revisions"}],"predecessor-version":[{"id":16027,"href":"https:\/\/pontott.com\/mester\/wp-json\/wp\/v2\/pages\/6067\/revisions\/16027"}],"wp:attachment":[{"href":"https:\/\/pontott.com\/mester\/wp-json\/wp\/v2\/media?parent=6067"}],"curies":[{"name":"wp","href":"https:\/\/api.w.org\/{rel}","templated":true}]}}