{"id":7162,"date":"2022-03-10T10:45:20","date_gmt":"2022-03-10T10:45:20","guid":{"rendered":"https:\/\/myhome1.tangiblewp.com\/?page_id=7162"},"modified":"2025-09-01T15:00:24","modified_gmt":"2025-09-01T15:00:24","slug":"kapcsolat","status":"publish","type":"page","link":"https:\/\/pontott.com\/mester\/kapcsolat\/","title":{"rendered":"Kapcsolat"},"content":{"rendered":"\t\t<div data-elementor-type=\"wp-page\" data-elementor-id=\"7162\" class=\"elementor elementor-7162\">\n\t\t\t\t\t\t<section class=\"elementor-section elementor-top-section elementor-element elementor-element-26b868b elementor-section-boxed elementor-section-height-default elementor-section-height-default\" data-id=\"26b868b\" data-element_type=\"section\" data-e-type=\"section\" data-settings=\"{&quot;background_background&quot;:&quot;classic&quot;}\">\n\t\t\t\t\t\t<div class=\"elementor-container elementor-column-gap-default\">\n\t\t\t\t\t<div class=\"elementor-column elementor-col-100 elementor-top-column elementor-element elementor-element-9b0216e\" data-id=\"9b0216e\" data-element_type=\"column\" data-e-type=\"column\">\n\t\t\t<div class=\"elementor-widget-wrap elementor-element-populated\">\n\t\t\t\t\t\t<section class=\"elementor-section elementor-inner-section elementor-element elementor-element-c316991 elementor-section-boxed elementor-section-height-default elementor-section-height-default\" data-id=\"c316991\" data-element_type=\"section\" data-e-type=\"section\">\n\t\t\t\t\t\t<div class=\"elementor-container elementor-column-gap-default\">\n\t\t\t\t\t<div class=\"elementor-column elementor-col-50 elementor-inner-column elementor-element elementor-element-3baac82\" data-id=\"3baac82\" data-element_type=\"column\" data-e-type=\"column\" data-settings=\"{&quot;background_background&quot;:&quot;classic&quot;}\">\n\t\t\t<div class=\"elementor-widget-wrap elementor-element-populated\">\n\t\t\t\t\t\t<div class=\"elementor-element elementor-element-2829fec elementor-widget elementor-widget-spacer\" data-id=\"2829fec\" data-element_type=\"widget\" data-e-type=\"widget\" data-widget_type=\"spacer.default\">\n\t\t\t\t\t\t\t<div class=\"elementor-spacer\">\n\t\t\t<div class=\"elementor-spacer-inner\"><\/div>\n\t\t<\/div>\n\t\t\t\t\t\t<\/div>\n\t\t\t\t<div class=\"elementor-element elementor-element-15ee8ce elementor-widget elementor-widget-heading\" data-id=\"15ee8ce\" data-element_type=\"widget\" data-e-type=\"widget\" data-widget_type=\"heading.default\">\n\t\t\t\t\t<h3 class=\"elementor-heading-title elementor-size-default\">K\u00e9rdezzen!<\/h3>\t\t\t\t<\/div>\n\t\t\t\t<div class=\"elementor-element elementor-element-a568e5c elementor-widget elementor-widget-spacer\" data-id=\"a568e5c\" data-element_type=\"widget\" data-e-type=\"widget\" data-widget_type=\"spacer.default\">\n\t\t\t\t\t\t\t<div class=\"elementor-spacer\">\n\t\t\t<div class=\"elementor-spacer-inner\"><\/div>\n\t\t<\/div>\n\t\t\t\t\t\t<\/div>\n\t\t\t\t<div class=\"elementor-element elementor-element-2db9f63 elementor-widget elementor-widget-text-editor\" data-id=\"2db9f63\" data-element_type=\"widget\" data-e-type=\"widget\" data-widget_type=\"text-editor.default\">\n\t\t\t\t\t\t\t\t\t<p>K\u00e9rd\u00e9se van, aj\u00e1nlatot szeretne k\u00e9rni, vagy k\u00f6z\u00f6s egy\u00fcttm\u0171k\u00f6d\u00e9sben gondolkodik?<\/p><p>Forduljon hozz\u00e1m bizalommal \u2013 minden megkeres\u00e9sre r\u00f6vid id\u0151n bel\u00fcl v\u00e1laszolok.<\/p><p><img decoding=\"async\" class=\"emoji\" role=\"img\" draggable=\"false\" src=\"https:\/\/s.w.org\/images\/core\/emoji\/16.0.1\/svg\/1f4cd.svg\" alt=\"\ud83d\udccd\" \/> C\u00edm: Domasz\u00e9k, Tanya 971 \u2013 6781<br \/><img decoding=\"async\" class=\"emoji\" role=\"img\" draggable=\"false\" src=\"https:\/\/s.w.org\/images\/core\/emoji\/16.0.1\/svg\/1f4de.svg\" alt=\"\ud83d\udcde\" \/> Telefon: +36 20 450 7634<br \/><img decoding=\"async\" class=\"emoji\" role=\"img\" draggable=\"false\" src=\"https:\/\/s.w.org\/images\/core\/emoji\/16.0.1\/svg\/2709.svg\" alt=\"\u2709\ufe0f\" \/> E-mail: aksalih1982@gmail.com<\/p><p>Megb\u00edzhat\u00f3s\u00e1g \u2013 Min\u0151s\u00e9g \u2013 \u00c1tl\u00e1that\u00f3s\u00e1g<br \/>Ezek az \u00e9rt\u00e9kek vez\u00e9relnek minden munk\u00e1m sor\u00e1n. Ha fontos \u00d6nnek a pontos, korrekt \u00e9s hossz\u00fa t\u00e1von is \u00e9rt\u00e9k\u00e1ll\u00f3 munka, akkor j\u00f3 helyen j\u00e1r.<\/p>\t\t\t\t\t\t\t\t<\/div>\n\t\t\t\t<div class=\"elementor-element elementor-element-2d3c9c8 elementor-widget elementor-widget-spacer\" data-id=\"2d3c9c8\" data-element_type=\"widget\" data-e-type=\"widget\" data-widget_type=\"spacer.default\">\n\t\t\t\t\t\t\t<div class=\"elementor-spacer\">\n\t\t\t<div class=\"elementor-spacer-inner\"><\/div>\n\t\t<\/div>\n\t\t\t\t\t\t<\/div>\n\t\t\t\t<div class=\"elementor-element elementor-element-81b86bd elementor-widget elementor-widget-spacer\" data-id=\"81b86bd\" data-element_type=\"widget\" data-e-type=\"widget\" data-widget_type=\"spacer.default\">\n\t\t\t\t\t\t\t<div class=\"elementor-spacer\">\n\t\t\t<div class=\"elementor-spacer-inner\"><\/div>\n\t\t<\/div>\n\t\t\t\t\t\t<\/div>\n\t\t\t\t\t<\/div>\n\t\t<\/div>\n\t\t\t\t<div class=\"elementor-column elementor-col-50 elementor-inner-column elementor-element elementor-element-ebf3db8\" data-id=\"ebf3db8\" data-element_type=\"column\" data-e-type=\"column\">\n\t\t\t<div class=\"elementor-widget-wrap elementor-element-populated\">\n\t\t\t\t\t\t<div class=\"elementor-element elementor-element-76600fb elementor-widget elementor-widget-google_maps\" data-id=\"76600fb\" data-element_type=\"widget\" data-e-type=\"widget\" data-widget_type=\"google_maps.default\">\n\t\t\t\t\t\t\t<div class=\"elementor-custom-embed\">\n\t\t\t<iframe loading=\"lazy\"\n\t\t\t\t\tsrc=\"https:\/\/maps.google.com\/maps?q=46.257356200272866%2C%2020.01511950697898&#038;t=m&#038;z=13&#038;output=embed&#038;iwloc=near\"\n\t\t\t\t\ttitle=\"46.257356200272866, 20.01511950697898\"\n\t\t\t\t\taria-label=\"46.257356200272866, 20.01511950697898\"\n\t\t\t><\/iframe>\n\t\t<\/div>\n\t\t\t\t\t\t<\/div>\n\t\t\t\t\t<\/div>\n\t\t<\/div>\n\t\t\t\t\t<\/div>\n\t\t<\/section>\n\t\t\t\t\t<\/div>\n\t\t<\/div>\n\t\t\t\t\t<\/div>\n\t\t<\/section>\n\t\t\t\t<\/div>\n\t\t","protected":false},"excerpt":{"rendered":"<p>K\u00e9rdezzen! K\u00e9rd\u00e9se van, aj\u00e1nlatot szeretne k\u00e9rni, vagy k\u00f6z\u00f6s egy\u00fcttm\u0171k\u00f6d\u00e9sben gondolkodik? Forduljon hozz\u00e1m bizalommal \u2013 minden megkeres\u00e9sre r\u00f6vid id\u0151n bel\u00fcl v\u00e1laszolok. C\u00edm: Domasz\u00e9k, Tanya 971 \u2013 6781 Telefon: +36 20 450 7634 E-mail: aksalih1982@gmail.com Megb\u00edzhat\u00f3s\u00e1g \u2013 Min\u0151s\u00e9g \u2013 \u00c1tl\u00e1that\u00f3s\u00e1gEzek az \u00e9rt\u00e9kek vez\u00e9relnek minden munk\u00e1m sor\u00e1n. Ha fontos \u00d6nnek a pontos, korrekt \u00e9s hossz\u00fa t\u00e1von is \u00e9rt\u00e9k\u00e1ll\u00f3 [&hellip;]<\/p>\n","protected":false},"author":1,"featured_media":0,"parent":0,"menu_order":0,"comment_status":"closed","ping_status":"closed","template":"","meta":{"footnotes":""},"class_list":["post-7162","page","type-page","status-publish","hentry"],"acf":[],"_links":{"self":[{"href":"https:\/\/pontott.com\/mester\/wp-json\/wp\/v2\/pages\/7162","targetHints":{"allow":["GET"]}}],"collection":[{"href":"https:\/\/pontott.com\/mester\/wp-json\/wp\/v2\/pages"}],"about":[{"href":"https:\/\/pontott.com\/mester\/wp-json\/wp\/v2\/types\/page"}],"author":[{"embeddable":true,"href":"https:\/\/pontott.com\/mester\/wp-json\/wp\/v2\/users\/1"}],"replies":[{"embeddable":true,"href":"https:\/\/pontott.com\/mester\/wp-json\/wp\/v2\/comments?post=7162"}],"version-history":[{"count":15,"href":"https:\/\/pontott.com\/mester\/wp-json\/wp\/v2\/pages\/7162\/revisions"}],"predecessor-version":[{"id":15780,"href":"https:\/\/pontott.com\/mester\/wp-json\/wp\/v2\/pages\/7162\/revisions\/15780"}],"wp:attachment":[{"href":"https:\/\/pontott.com\/mester\/wp-json\/wp\/v2\/media?parent=7162"}],"curies":[{"name":"wp","href":"https:\/\/api.w.org\/{rel}","templated":true}]}}