{"id":7358,"date":"2022-03-11T06:52:50","date_gmt":"2022-03-11T06:52:50","guid":{"rendered":"https:\/\/myhome1.tangiblewp.com\/?page_id=7358"},"modified":"2025-09-01T15:00:41","modified_gmt":"2025-09-01T15:00:41","slug":"mester-csapat","status":"publish","type":"page","link":"https:\/\/pontott.com\/mester\/mester-csapat\/","title":{"rendered":"Mester Csapat"},"content":{"rendered":"\t\t<div data-elementor-type=\"wp-page\" data-elementor-id=\"7358\" class=\"elementor elementor-7358\">\n\t\t\t\t\t\t<section class=\"elementor-section elementor-top-section elementor-element elementor-element-8d393d5 elementor-section-boxed elementor-section-height-default elementor-section-height-default\" data-id=\"8d393d5\" data-element_type=\"section\" data-e-type=\"section\" data-settings=\"{&quot;background_background&quot;:&quot;classic&quot;}\">\n\t\t\t\t\t\t<div class=\"elementor-container elementor-column-gap-default\">\n\t\t\t\t\t<div class=\"elementor-column elementor-col-100 elementor-top-column elementor-element elementor-element-0dcd10c\" data-id=\"0dcd10c\" data-element_type=\"column\" data-e-type=\"column\">\n\t\t\t<div class=\"elementor-widget-wrap elementor-element-populated\">\n\t\t\t\t\t\t<div class=\"elementor-element elementor-element-34e8186 elementor-widget elementor-widget-heading\" data-id=\"34e8186\" data-element_type=\"widget\" data-e-type=\"widget\" data-widget_type=\"heading.default\">\n\t\t\t\t\t<h2 class=\"elementor-heading-title elementor-size-default\"><h2 data-elementor-setting-key=\"title\" data-pen-placeholder=\"Type Here...\" style=\"letter-spacing: normal;line-height: 46.8px;, sans-serif;font-size: 36px\">Salih Ak<span style=\"font-family: Play;font-size: 32px;letter-spacing: 0px\"><\/span><\/h2><\/h2>\t\t\t\t<\/div>\n\t\t\t\t<section class=\"elementor-section elementor-inner-section elementor-element elementor-element-664d0ec elementor-section-boxed elementor-section-height-default elementor-section-height-default\" data-id=\"664d0ec\" data-element_type=\"section\" data-e-type=\"section\">\n\t\t\t\t\t\t<div class=\"elementor-container elementor-column-gap-default\">\n\t\t\t\t\t<div class=\"elementor-column elementor-col-50 elementor-inner-column elementor-element elementor-element-4f3b550\" data-id=\"4f3b550\" data-element_type=\"column\" data-e-type=\"column\">\n\t\t\t<div class=\"elementor-widget-wrap elementor-element-populated\">\n\t\t\t\t\t\t<div class=\"elementor-element elementor-element-ea03427 elementor-widget-tablet__width-initial elementor-widget elementor-widget-image\" data-id=\"ea03427\" data-element_type=\"widget\" data-e-type=\"widget\" data-widget_type=\"image.default\">\n\t\t\t\t\t\t\t\t\t\t\t\t\t\t\t<img fetchpriority=\"high\" decoding=\"async\" width=\"903\" height=\"944\" src=\"https:\/\/pontott.com\/mester\/wp-content\/uploads\/sites\/4\/2025\/09\/763539d6-ac92-4b28-ac6e-0d6f87afc6ef-e1756729841683.jpg\" class=\"attachment-large size-large wp-image-15714\" alt=\"\" srcset=\"https:\/\/pontott.com\/mester\/wp-content\/uploads\/sites\/4\/2025\/09\/763539d6-ac92-4b28-ac6e-0d6f87afc6ef-e1756729841683.jpg 903w, https:\/\/pontott.com\/mester\/wp-content\/uploads\/sites\/4\/2025\/09\/763539d6-ac92-4b28-ac6e-0d6f87afc6ef-e1756729841683-287x300.jpg 287w, https:\/\/pontott.com\/mester\/wp-content\/uploads\/sites\/4\/2025\/09\/763539d6-ac92-4b28-ac6e-0d6f87afc6ef-e1756729841683-768x803.jpg 768w\" sizes=\"(max-width: 903px) 100vw, 903px\" \/>\t\t\t\t\t\t\t\t\t\t\t\t\t\t\t<\/div>\n\t\t\t\t\t<\/div>\n\t\t<\/div>\n\t\t\t\t<div class=\"elementor-column elementor-col-50 elementor-inner-column elementor-element elementor-element-2c09f86\" data-id=\"2c09f86\" data-element_type=\"column\" data-e-type=\"column\">\n\t\t\t<div class=\"elementor-widget-wrap elementor-element-populated\">\n\t\t\t\t\t\t<div class=\"elementor-element elementor-element-2127883 elementor-widget elementor-widget-text-editor\" data-id=\"2127883\" data-element_type=\"widget\" data-e-type=\"widget\" data-widget_type=\"text-editor.default\">\n\t\t\t\t\t\t\t\t\t<p>A Pontott.com Mester csapata az \u00e9p\u00edt\u0151ipar k\u00fcl\u00f6nb\u00f6z\u0151 ter\u00fcletein dolgoz\u00f3 tapasztalt szakemberekb\u0151l \u00e1ll. Er\u0151ss\u00e9g\u00fcnk a szakmai tud\u00e1s, szervezetts\u00e9g \u00e9s megb\u00edzhat\u00f3s\u00e1g, amely lehet\u0151v\u00e9 teszi, hogy minden projektet a legmagasabb sz\u00ednvonalon val\u00f3s\u00edtsunk meg. Szakter\u00fcleteink: Sz\u00e1raz\u00e9p\u00edt\u00e9s \u2013 v\u00e1laszfalak, gipszkartonrendszerek, \u00e1lmennyezetek. Burkol\u00e1s \u00e9s fel\u00fcletk\u00e9pz\u00e9s \u2013 prec\u00edz \u00e9s tart\u00f3s kivitelez\u00e9s. Lak\u00e1s- \u00e9s h\u00e1zfel\u00faj\u00edt\u00e1s \u2013 teljes k\u00f6r\u0171 moderniz\u00e1l\u00e1s \u00e9s \u00e1talak\u00edt\u00e1s. \u00c9p\u00fcletg\u00e9p\u00e9szeti el\u0151k\u00e9sz\u00edt\u00e9s \u2013 elektromos, f\u0171t\u00e9si \u00e9s v\u00edzvezet\u00e9k rendszerek el\u0151k\u00e9sz\u00edt\u00e9se. Bels\u0151\u00e9p\u00edt\u00e9szeti kivitelez\u00e9s \u2013 funkcion\u00e1lis, modern \u00e9s eszt\u00e9tikus terek kialak\u00edt\u00e1sa. C\u00e9lunk, hogy \u00fcgyfeleink biztons\u00e1gban \u00e9rezz\u00e9k magukat a kivitelez\u00e9s minden l\u00e9p\u00e9s\u00e9ben \u2013 az els\u0151 bont\u00e1st\u00f3l a k\u00e9sz otthonig. A Pontott.com Mester csapata garant\u00e1lja a megb\u00edzhat\u00f3s\u00e1got, min\u0151s\u00e9get \u00e9s \u00e1tl\u00e1that\u00f3s\u00e1got minden munkafolyamat sor\u00e1n. Pontott.com \u2013 Mesteri megold\u00e1sok az \u00e9p\u00edt\u0151iparban.<\/p>\t\t\t\t\t\t\t\t<\/div>\n\t\t\t\t\t<\/div>\n\t\t<\/div>\n\t\t\t\t\t<\/div>\n\t\t<\/section>\n\t\t\t\t\t<\/div>\n\t\t<\/div>\n\t\t\t\t\t<\/div>\n\t\t<\/section>\n\t\t<div class=\"elementor-element elementor-element-97d70bf e-flex e-con-boxed e-con e-parent\" data-id=\"97d70bf\" data-element_type=\"container\" data-e-type=\"container\">\n\t\t\t\t\t<div class=\"e-con-inner\">\n\t\t\t\t<div class=\"elementor-element elementor-element-54feaf6 elementor-widget elementor-widget-heading\" data-id=\"54feaf6\" data-element_type=\"widget\" data-e-type=\"widget\" data-widget_type=\"heading.default\">\n\t\t\t\t\t<h1 class=\"elementor-heading-title elementor-size-default\">Mi\u00e9rt a Pontott Mester csapat?<\/h1>\t\t\t\t<\/div>\n\t\t\t\t\t<\/div>\n\t\t\t\t<\/div>\n\t\t<div class=\"elementor-element elementor-element-12b3a6c e-flex e-con-boxed e-con e-parent\" data-id=\"12b3a6c\" data-element_type=\"container\" data-e-type=\"container\">\n\t\t\t\t\t<div class=\"e-con-inner\">\n\t\t<div class=\"elementor-element elementor-element-1229e75 e-con-full e-flex e-con e-child\" data-id=\"1229e75\" data-element_type=\"container\" data-e-type=\"container\">\n\t\t\t\t<div class=\"elementor-element elementor-element-f82a010 elementor-widget__width-initial elementor-widget elementor-widget-image\" data-id=\"f82a010\" data-element_type=\"widget\" data-e-type=\"widget\" data-widget_type=\"image.default\">\n\t\t\t\t\t\t\t\t\t\t\t\t\t\t\t<img decoding=\"async\" width=\"455\" height=\"393\" src=\"https:\/\/pontott.com\/mester\/wp-content\/uploads\/sites\/4\/2025\/09\/IMG_20250115_110050_998-e1756734490973.jpg\" class=\"attachment-large size-large wp-image-15735\" alt=\"\" srcset=\"https:\/\/pontott.com\/mester\/wp-content\/uploads\/sites\/4\/2025\/09\/IMG_20250115_110050_998-e1756734490973.jpg 455w, https:\/\/pontott.com\/mester\/wp-content\/uploads\/sites\/4\/2025\/09\/IMG_20250115_110050_998-e1756734490973-300x259.jpg 300w\" sizes=\"(max-width: 455px) 100vw, 455px\" \/>\t\t\t\t\t\t\t\t\t\t\t\t\t\t\t<\/div>\n\t\t\t\t<\/div>\n\t\t<div class=\"elementor-element elementor-element-ad1d0bd e-con-full e-flex e-con e-child\" data-id=\"ad1d0bd\" data-element_type=\"container\" data-e-type=\"container\">\n\t\t\t\t<div class=\"elementor-element elementor-element-c770f11 elementor-widget elementor-widget-text-editor\" data-id=\"c770f11\" data-element_type=\"widget\" data-e-type=\"widget\" data-widget_type=\"text-editor.default\">\n\t\t\t\t\t\t\t\t\t<p><strong data-start=\"200\" data-end=\"237\">Tapasztalt \u00e9s k\u00e9pzett szakemberek<\/strong><br data-start=\"237\" data-end=\"240\" \/>\u201eOlyan szakemberekkel m\u0171k\u00f6d\u00fcnk egy\u00fctt, akik folyamatosan fejlesztik magukat, \u00e9s rendelkeznek hivatalos k\u00e9pz\u00e9si tan\u00fas\u00edtv\u00e1nyokkal. Minden projektben biztos\u00edtjuk a szak\u00e9rtelmet \u00e9s a folyamatos fejl\u0151d\u00e9st.\u201d<\/p>\t\t\t\t\t\t\t\t<\/div>\n\t\t\t\t<\/div>\n\t\t<div class=\"elementor-element elementor-element-eb5756a e-con-full e-flex e-con e-child\" data-id=\"eb5756a\" data-element_type=\"container\" data-e-type=\"container\">\n\t\t\t\t<div class=\"elementor-element elementor-element-1bfb941 elementor-widget elementor-widget-text-editor\" data-id=\"1bfb941\" data-element_type=\"widget\" data-e-type=\"widget\" data-widget_type=\"text-editor.default\">\n\t\t\t\t\t\t\t\t\t<p><strong data-start=\"445\" data-end=\"467\">\u00c1tl\u00e1that\u00f3 \u00e1rk\u00e9pz\u00e9s<\/strong><br data-start=\"467\" data-end=\"470\" \/>\u201eAz \u00e1rakat szakembereink el\u0151zetesen \u00e1tvizsg\u00e1lj\u00e1k. Az els\u0151 t\u00e1j\u00e9koztat\u00e1skor becs\u00fclt \u00f6sszeget adunk, majd pap\u00edron r\u00e9szletesen kisz\u00e1moljuk \u00e9s bemutatjuk. A munka \u00e1tad\u00e1sakor pedig az esetleges elt\u00e9r\u00e9seket megbesz\u00e9lj\u00fck, \u00edgy biztos\u00edtva a pontos \u00e9s korrekt elsz\u00e1mol\u00e1st.\u201d<\/p>\t\t\t\t\t\t\t\t<\/div>\n\t\t\t\t<\/div>\n\t\t<div class=\"elementor-element elementor-element-e0dc0a3 e-con-full e-flex e-con e-child\" data-id=\"e0dc0a3\" data-element_type=\"container\" data-e-type=\"container\">\n\t\t\t\t<div class=\"elementor-element elementor-element-212fb9b elementor-widget elementor-widget-text-editor\" data-id=\"212fb9b\" data-element_type=\"widget\" data-e-type=\"widget\" data-widget_type=\"text-editor.default\">\n\t\t\t\t\t\t\t\t\t<p><strong data-start=\"736\" data-end=\"761\">Garancia \u00e9s biztons\u00e1g<\/strong><br data-start=\"761\" data-end=\"764\" \/>\u201eA garancia \u00e9s a biztons\u00e1g minden munkat\u00e1rsunk sz\u00e1m\u00e1ra ismert. Szerz\u0151d\u00e9sek biztos\u00edtj\u00e1k, hogy a munk\u00e1t biztos\u00edt\u00f3 \u00e9s a munk\u00e1t v\u00e9gz\u0151 f\u00e9l is garancia alatt \u00e1ll, \u00edgy a teljes folyamat biztons\u00e1gos \u00e9s ellen\u0151rz\u00f6tt.\u201d<\/p>\t\t\t\t\t\t\t\t<\/div>\n\t\t\t\t<\/div>\n\t\t\t\t\t<\/div>\n\t\t\t\t<\/div>\n\t\t\t\t<\/div>\n\t\t","protected":false},"excerpt":{"rendered":"<p>Salih Ak A Pontott.com Mester csapata az \u00e9p\u00edt\u0151ipar k\u00fcl\u00f6nb\u00f6z\u0151 ter\u00fcletein dolgoz\u00f3 tapasztalt szakemberekb\u0151l \u00e1ll. Er\u0151ss\u00e9g\u00fcnk a szakmai tud\u00e1s, szervezetts\u00e9g \u00e9s megb\u00edzhat\u00f3s\u00e1g, amely lehet\u0151v\u00e9 teszi, hogy minden projektet a legmagasabb sz\u00ednvonalon val\u00f3s\u00edtsunk meg. Szakter\u00fcleteink: Sz\u00e1raz\u00e9p\u00edt\u00e9s \u2013 v\u00e1laszfalak, gipszkartonrendszerek, \u00e1lmennyezetek. Burkol\u00e1s \u00e9s fel\u00fcletk\u00e9pz\u00e9s \u2013 prec\u00edz \u00e9s tart\u00f3s kivitelez\u00e9s. Lak\u00e1s- \u00e9s h\u00e1zfel\u00faj\u00edt\u00e1s \u2013 teljes k\u00f6r\u0171 moderniz\u00e1l\u00e1s \u00e9s \u00e1talak\u00edt\u00e1s. [&hellip;]<\/p>\n","protected":false},"author":1,"featured_media":0,"parent":0,"menu_order":0,"comment_status":"closed","ping_status":"closed","template":"","meta":{"footnotes":""},"class_list":["post-7358","page","type-page","status-publish","hentry"],"acf":[],"_links":{"self":[{"href":"https:\/\/pontott.com\/mester\/wp-json\/wp\/v2\/pages\/7358","targetHints":{"allow":["GET"]}}],"collection":[{"href":"https:\/\/pontott.com\/mester\/wp-json\/wp\/v2\/pages"}],"about":[{"href":"https:\/\/pontott.com\/mester\/wp-json\/wp\/v2\/types\/page"}],"author":[{"embeddable":true,"href":"https:\/\/pontott.com\/mester\/wp-json\/wp\/v2\/users\/1"}],"replies":[{"embeddable":true,"href":"https:\/\/pontott.com\/mester\/wp-json\/wp\/v2\/comments?post=7358"}],"version-history":[{"count":27,"href":"https:\/\/pontott.com\/mester\/wp-json\/wp\/v2\/pages\/7358\/revisions"}],"predecessor-version":[{"id":15768,"href":"https:\/\/pontott.com\/mester\/wp-json\/wp\/v2\/pages\/7358\/revisions\/15768"}],"wp:attachment":[{"href":"https:\/\/pontott.com\/mester\/wp-json\/wp\/v2\/media?parent=7358"}],"curies":[{"name":"wp","href":"https:\/\/api.w.org\/{rel}","templated":true}]}}