{"id":7548,"date":"2022-03-14T12:16:48","date_gmt":"2022-03-14T12:16:48","guid":{"rendered":"https:\/\/myhome1.tangiblewp.com\/?page_id=7548"},"modified":"2025-09-01T15:00:46","modified_gmt":"2025-09-01T15:00:46","slug":"rolam","status":"publish","type":"page","link":"https:\/\/pontott.com\/mester\/rolam\/","title":{"rendered":"R\u00f3lam"},"content":{"rendered":"\t\t<div data-elementor-type=\"wp-page\" data-elementor-id=\"7548\" class=\"elementor elementor-7548\">\n\t\t\t\t\t\t<section class=\"elementor-section elementor-top-section elementor-element elementor-element-a6897fd elementor-section-boxed elementor-section-height-default elementor-section-height-default\" data-id=\"a6897fd\" data-element_type=\"section\" data-e-type=\"section\" data-settings=\"{&quot;background_background&quot;:&quot;classic&quot;}\">\n\t\t\t\t\t\t<div class=\"elementor-container elementor-column-gap-default\">\n\t\t\t\t\t<div class=\"elementor-column elementor-col-100 elementor-top-column elementor-element elementor-element-28b40e2\" data-id=\"28b40e2\" data-element_type=\"column\" data-e-type=\"column\">\n\t\t\t<div class=\"elementor-widget-wrap elementor-element-populated\">\n\t\t\t\t\t\t<section class=\"elementor-section elementor-inner-section elementor-element elementor-element-2e34ba8 elementor-section-boxed elementor-section-height-default elementor-section-height-default\" data-id=\"2e34ba8\" data-element_type=\"section\" data-e-type=\"section\">\n\t\t\t\t\t\t<div class=\"elementor-container elementor-column-gap-default\">\n\t\t\t\t\t<div class=\"elementor-column elementor-col-50 elementor-inner-column elementor-element elementor-element-45f52be\" data-id=\"45f52be\" data-element_type=\"column\" data-e-type=\"column\">\n\t\t\t<div class=\"elementor-widget-wrap elementor-element-populated\">\n\t\t\t\t\t\t<div class=\"elementor-element elementor-element-e846398 elementor-widget elementor-widget-image\" data-id=\"e846398\" data-element_type=\"widget\" data-e-type=\"widget\" data-widget_type=\"image.default\">\n\t\t\t\t\t\t\t\t\t\t\t\t\t\t\t<img decoding=\"async\" src=\"https:\/\/pontott.com\/mester\/wp-content\/uploads\/2024\/09\/about-us.jpg\" title=\"\" alt=\"\" loading=\"lazy\" \/>\t\t\t\t\t\t\t\t\t\t\t\t\t\t\t<\/div>\n\t\t\t\t<div class=\"elementor-element elementor-element-719e454 elementor-widget elementor-widget-image\" data-id=\"719e454\" data-element_type=\"widget\" data-e-type=\"widget\" data-widget_type=\"image.default\">\n\t\t\t\t\t\t\t\t\t\t\t\t\t\t\t<img fetchpriority=\"high\" decoding=\"async\" width=\"707\" height=\"530\" src=\"https:\/\/pontott.com\/mester\/wp-content\/uploads\/sites\/4\/2025\/08\/Salih-707x530.jpg\" class=\"attachment-myhome-standard-l size-myhome-standard-l wp-image-15681\" alt=\"\" \/>\t\t\t\t\t\t\t\t\t\t\t\t\t\t\t<\/div>\n\t\t\t\t\t<\/div>\n\t\t<\/div>\n\t\t\t\t<div class=\"elementor-column elementor-col-50 elementor-inner-column elementor-element elementor-element-cc42c68\" data-id=\"cc42c68\" data-element_type=\"column\" data-e-type=\"column\">\n\t\t\t<div class=\"elementor-widget-wrap elementor-element-populated\">\n\t\t\t\t\t\t<div class=\"elementor-element elementor-element-858c918 elementor-widget elementor-widget-spacer\" data-id=\"858c918\" data-element_type=\"widget\" data-e-type=\"widget\" data-widget_type=\"spacer.default\">\n\t\t\t\t\t\t\t<div class=\"elementor-spacer\">\n\t\t\t<div class=\"elementor-spacer-inner\"><\/div>\n\t\t<\/div>\n\t\t\t\t\t\t<\/div>\n\t\t\t\t<div class=\"elementor-element elementor-element-2733ac8 elementor-widget elementor-widget-text-editor\" data-id=\"2733ac8\" data-element_type=\"widget\" data-e-type=\"widget\" data-widget_type=\"text-editor.default\">\n\t\t\t\t\t\t\t\t\t<div role=\"none\"><div><div role=\"presentation\"><div dir=\"auto\">A nevem Ak Salih, 1982-ben sz\u00fclettem, \u00e9s m\u00e1r \u00e9vek \u00f3ta Magyarorsz\u00e1gon \u00e9lek csal\u00e1dommal. V\u00e9gzetts\u00e9gemet a sz\u00e1raz\u00e9p\u00edt\u00e9s ter\u00fclet\u00e9n szereztem, emellett hossz\u00fa ideje foglalkozom informatikai megold\u00e1sokkal, webes projektekkel \u00e9s digit\u00e1lis tartalomk\u00e9sz\u00edt\u00e9ssel. Munk\u00e1m sor\u00e1n mindig a pontoss\u00e1got, megb\u00edzhat\u00f3s\u00e1got \u00e9s \u00e1tl\u00e1that\u00f3s\u00e1got tartom szem el\u0151tt. T\u00f6bb projektben is akt\u00edvan r\u00e9szt vettem \u2013 p\u00e9ld\u00e1ul: pontott.com, gabdarak.com, domaszekijudo.hu, drteglasattila.hu, tourismagency.net \u2013 ahol a kreat\u00edv gondolkod\u00e1s \u00e9s a technikai tud\u00e1s \u00f6tv\u00f6z\u00e9se seg\u00edtett sikeres eredm\u00e9nyeket el\u00e9rni. Er\u0151ss\u00e9geim k\u00f6z\u00e9 tartozik a gyors tanul\u00e1s, probl\u00e9mamegold\u00f3 k\u00e9szs\u00e9g \u00e9s az \u00faj megold\u00e1sok keres\u00e9se. Legyen sz\u00f3 lak\u00e1sfel\u00faj\u00edt\u00e1sr\u00f3l, modern bels\u0151\u00e9p\u00edt\u00e9szeti megold\u00e1sokr\u00f3l vagy IT alap\u00fa fejleszt\u00e9sekr\u0151l, mindig a min\u0151s\u00e9get \u00e9s az \u00fcgyf\u00e9l el\u00e9gedetts\u00e9g\u00e9t helyezem el\u0151t\u00e9rbe. Sz\u00e1momra a munka t\u00f6bb, mint feladat \u2013 \u00e9rt\u00e9ket teremteni \u00e9s tart\u00f3s megold\u00e1sokat ny\u00fajtani a c\u00e9lom.<\/div><\/div><\/div><\/div>\t\t\t\t\t\t\t\t<\/div>\n\t\t\t\t<div class=\"elementor-element elementor-element-5dd9aa3 elementor-widget elementor-widget-spacer\" data-id=\"5dd9aa3\" data-element_type=\"widget\" data-e-type=\"widget\" data-widget_type=\"spacer.default\">\n\t\t\t\t\t\t\t<div class=\"elementor-spacer\">\n\t\t\t<div class=\"elementor-spacer-inner\"><\/div>\n\t\t<\/div>\n\t\t\t\t\t\t<\/div>\n\t\t\t\t\t<\/div>\n\t\t<\/div>\n\t\t\t\t\t<\/div>\n\t\t<\/section>\n\t\t\t\t\t<\/div>\n\t\t<\/div>\n\t\t\t\t\t<\/div>\n\t\t<\/section>\n\t\t\t\t<\/div>\n\t\t","protected":false},"excerpt":{"rendered":"<p>A nevem Ak Salih, 1982-ben sz\u00fclettem, \u00e9s m\u00e1r \u00e9vek \u00f3ta Magyarorsz\u00e1gon \u00e9lek csal\u00e1dommal. V\u00e9gzetts\u00e9gemet a sz\u00e1raz\u00e9p\u00edt\u00e9s ter\u00fclet\u00e9n szereztem, emellett hossz\u00fa ideje foglalkozom informatikai megold\u00e1sokkal, webes projektekkel \u00e9s digit\u00e1lis tartalomk\u00e9sz\u00edt\u00e9ssel. Munk\u00e1m sor\u00e1n mindig a pontoss\u00e1got, megb\u00edzhat\u00f3s\u00e1got \u00e9s \u00e1tl\u00e1that\u00f3s\u00e1got tartom szem el\u0151tt. T\u00f6bb projektben is akt\u00edvan r\u00e9szt vettem \u2013 p\u00e9ld\u00e1ul: pontott.com, gabdarak.com, domaszekijudo.hu, drteglasattila.hu, tourismagency.net \u2013 ahol [&hellip;]<\/p>\n","protected":false},"author":1,"featured_media":0,"parent":0,"menu_order":0,"comment_status":"closed","ping_status":"closed","template":"","meta":{"footnotes":""},"class_list":["post-7548","page","type-page","status-publish","hentry"],"acf":[],"_links":{"self":[{"href":"https:\/\/pontott.com\/mester\/wp-json\/wp\/v2\/pages\/7548","targetHints":{"allow":["GET"]}}],"collection":[{"href":"https:\/\/pontott.com\/mester\/wp-json\/wp\/v2\/pages"}],"about":[{"href":"https:\/\/pontott.com\/mester\/wp-json\/wp\/v2\/types\/page"}],"author":[{"embeddable":true,"href":"https:\/\/pontott.com\/mester\/wp-json\/wp\/v2\/users\/1"}],"replies":[{"embeddable":true,"href":"https:\/\/pontott.com\/mester\/wp-json\/wp\/v2\/comments?post=7548"}],"version-history":[{"count":19,"href":"https:\/\/pontott.com\/mester\/wp-json\/wp\/v2\/pages\/7548\/revisions"}],"predecessor-version":[{"id":15765,"href":"https:\/\/pontott.com\/mester\/wp-json\/wp\/v2\/pages\/7548\/revisions\/15765"}],"wp:attachment":[{"href":"https:\/\/pontott.com\/mester\/wp-json\/wp\/v2\/media?parent=7548"}],"curies":[{"name":"wp","href":"https:\/\/api.w.org\/{rel}","templated":true}]}}